{"id":14,"date":"2019-03-18T16:10:27","date_gmt":"2019-03-18T15:10:27","guid":{"rendered":"http:\/\/mds.janjetmar.cz\/?page_id=14"},"modified":"2024-08-13T09:25:51","modified_gmt":"2024-08-13T07:25:51","slug":"o-nas","status":"publish","type":"page","link":"https:\/\/www.mdsprojekt.cz\/index.php\/o-nas\/","title":{"rendered":"PROJEKTY STAVEB A STAVEBN\u00cd DOZORY"},"content":{"rendered":"\n<h5 class=\"wp-block-heading has-text-color\" style=\"color:#56585a\"><strong>nab\u00edz\u00edme projektov\u00e9 dokumentace mostn\u00edch konstrukc\u00ed a pozemn\u00edch komunikac\u00ed v&nbsp;n\u00e1sleduj\u00edc\u00edch stupn\u00edch:<\/strong><\/h5>\n\n\n\n<p>&#8211; studie (ST) <br>&#8211; dokumentace pro povolen\u00ed stavby (DPS)  <br>&#8211; dokumentace pro prov\u00e1d\u011bn\u00ed stavby (PDPS)                                                                                                                                                                                                                                                                                                                                                  <br>&#8211; dokumentace pro odstran\u011bn\u00ed stavby (DOS)<br>&#8211; vybran\u00e9 dokumenty zad\u00e1vac\u00ed dokumentace stavby (VD-ZDS)<br>&#8211; realiza\u010dn\u00ed dokumentace stavby (RDS)<br>&#8211; v\u00fdrobn\u011b technick\u00e1 dokumentace (VTD)<br>&#8211; pasport stavby (PS)<br>&#8211; dokumentace skute\u010dn\u00e9ho proveden\u00ed stavby (DSPS)  <\/p>\n\n\n\n<p><\/p>\n\n\n\n<h5 class=\"wp-block-heading has-text-color\" style=\"color:#56585a\"><strong>d\u00e1le nab\u00edz\u00edme dozory staveb:<\/strong><\/h5>\n\n\n\n<p>&#8211; autorsk\u00e9 dozory  (AD)     <br>&#8211; technick\u00e9 dozory  (TD)     <\/p>\n\n\n\n<p><\/p>\n","protected":false},"excerpt":{"rendered":"<p>nab\u00edz\u00edme projektov\u00e9 dokumentace mostn\u00edch konstrukc\u00ed a pozemn\u00edch komunikac\u00ed v&nbsp;n\u00e1sleduj\u00edc\u00edch stupn\u00edch: &#8211; studie (ST) &#8211; dokumentace pro povolen\u00ed stavby (DPS) &#8211; dokumentace pro prov\u00e1d\u011bn\u00ed stavby (PDPS) &#8211; dokumentace pro odstran\u011bn\u00ed stavby (DOS)&#8211; vybran\u00e9 dokumenty zad\u00e1vac\u00ed dokumentace stavby (VD-ZDS)&#8211; realiza\u010dn\u00ed dokumentace stavby (RDS)&#8211; v\u00fdrobn\u011b technick\u00e1 dokumentace (VTD)&#8211; pasport stavby (PS)&#8211; dokumentace skute\u010dn\u00e9ho proveden\u00ed stavby (DSPS) d\u00e1le nab\u00edz\u00edme [&hellip;]<\/p>\n","protected":false},"author":2,"featured_media":0,"parent":0,"menu_order":10,"comment_status":"closed","ping_status":"closed","template":"","meta":{"footnotes":""},"_links":{"self":[{"href":"https:\/\/www.mdsprojekt.cz\/index.php\/wp-json\/wp\/v2\/pages\/14"}],"collection":[{"href":"https:\/\/www.mdsprojekt.cz\/index.php\/wp-json\/wp\/v2\/pages"}],"about":[{"href":"https:\/\/www.mdsprojekt.cz\/index.php\/wp-json\/wp\/v2\/types\/page"}],"author":[{"embeddable":true,"href":"https:\/\/www.mdsprojekt.cz\/index.php\/wp-json\/wp\/v2\/users\/2"}],"replies":[{"embeddable":true,"href":"https:\/\/www.mdsprojekt.cz\/index.php\/wp-json\/wp\/v2\/comments?post=14"}],"version-history":[{"count":51,"href":"https:\/\/www.mdsprojekt.cz\/index.php\/wp-json\/wp\/v2\/pages\/14\/revisions"}],"predecessor-version":[{"id":1258,"href":"https:\/\/www.mdsprojekt.cz\/index.php\/wp-json\/wp\/v2\/pages\/14\/revisions\/1258"}],"wp:attachment":[{"href":"https:\/\/www.mdsprojekt.cz\/index.php\/wp-json\/wp\/v2\/media?parent=14"}],"curies":[{"name":"wp","href":"https:\/\/api.w.org\/{rel}","templated":true}]}}