{"id":20,"date":"2019-03-18T16:10:29","date_gmt":"2019-03-18T15:10:29","guid":{"rendered":"http:\/\/mds.janjetmar.cz\/?page_id=20"},"modified":"2025-10-16T08:04:34","modified_gmt":"2025-10-16T06:04:34","slug":"kontakt","status":"publish","type":"page","link":"https:\/\/www.mdsprojekt.cz\/index.php\/kontakt\/","title":{"rendered":"KONTAKTY"},"content":{"rendered":"\n<p style=\"font-size:0px\"><\/p>\n\n\n\n<div class=\"wp-block-columns is-layout-flex wp-container-core-columns-layout-2 wp-block-columns-is-layout-flex\">\n<div class=\"wp-block-column is-layout-flow wp-block-column-is-layout-flow\" style=\"flex-basis:100%\">\n<div class=\"wp-block-group is-nowrap is-layout-flex wp-container-core-group-layout-1 wp-block-group-is-layout-flex\">\n<div class=\"wp-block-columns is-layout-flex wp-container-core-columns-layout-1 wp-block-columns-is-layout-flex\">\n<div class=\"wp-block-column is-layout-flow wp-block-column-is-layout-flow\" style=\"flex-basis:100%\">\n<figure class=\"wp-block-table alignfull has-small-font-size\"><table><tbody><tr><td><strong>MDS projekt s.r.o.<\/strong><br>F\u00f6rsterova \u010d.p. 175<br>566&nbsp;01 Vysok\u00e9 M\u00fdto                           <\/td><td><strong>tel:<\/strong> +420&nbsp;465&nbsp;322&nbsp;451<br><strong>email:<\/strong><a href=\"mailto:mds@mdsprojekt.cz\">mds@mdsprojekt.cz<\/a><br><strong>datov\u00e1 schr\u00e1nka:<\/strong>kvrkudw<\/td><td><strong>I\u010c:<\/strong> 274&nbsp;87&nbsp;938<br><strong>\u010d.\u00fa\u010dtu.:<\/strong> 12&nbsp;12&nbsp;900&nbsp;339\/0800<br><strong>Iban:<\/strong>CZ06&nbsp;0800&nbsp;0000&nbsp;0012&nbsp;12&nbsp;90&nbsp;0339<\/td><td><\/td><td><\/td><\/tr><tr><td><\/td><td><\/td><td><\/td><td><\/td><td><\/td><\/tr><tr><td><strong>Jednatel spole\u010dnosti<\/strong><br><br><br><\/td><td><strong>Mana\u017eer kancel\u00e1\u0159e<\/strong>, <br>zmocn\u011bnec pro IS\u0158<br><br><\/td><td><\/td><td><strong>Administrativa<\/strong><br>objedn\u00e1vky, p\u0159edprojektov\u00e1 p\u0159\u00edprava<\/td><td><strong>Technick\u00fd dozor,<\/strong><br><strong>technik diagnostiky, koordin\u00e1tor BOZP<\/strong><\/td><\/tr><tr><td><strong>Ing. Jan Bursa<\/strong><br>+420&nbsp;608&nbsp;439&nbsp;363<br><a href=\"mailto:bursa@mdsprojekt.cz\">bursa@mdsprojekt.cz<\/a><\/td><td><strong>Ing. Hana Nov\u00e1\u010dkov\u00e1<\/strong><br>+420&nbsp;775&nbsp;568&nbsp;556<br><a href=\"mailto:novackova@mdsprojekt.cz\">novackova@mdsprojekt.cz<\/a><\/td><td><\/td><td><strong>Jana Hru\u0161kov\u00e1<\/strong><br>+420&nbsp;722&nbsp;940&nbsp;132<br><a href=\"mailto:hruskova@mdsprojekt.cz\">hruskova@mdsprojekt.cz<\/a><\/td><td><strong>Ing. Marek Mazura<\/strong><br>+420&nbsp;734&nbsp;547&nbsp;997<br><a href=\"mailto:mazura@mdsprojekt.cz\">mazura@mdsprojekt.cz<\/a><\/td><\/tr><tr><td><\/td><td><\/td><td><\/td><td><\/td><td><\/td><\/tr><tr><td><strong>Mosty a in\u017een\u00fdrsk\u00e9 konstrukce<\/strong><\/td><td><\/td><td><\/td><td><\/td><td><\/td><\/tr><tr><td><strong>Ing. Tom\u00e1\u0161 Bajer <\/strong> <br>+420&nbsp;736&nbsp;789&nbsp;368 <br><a href=\"mailto:bajer@mdsprojekt.cz\">bajer@mdsprojekt.cz<\/a><\/td><td><strong>Ing. Franti\u0161ek \u010cern\u00edk<\/strong><br>+420&nbsp;724&nbsp;817&nbsp;653<br><a href=\"mailto:cernik@mdsprojekt.cz\">cernik@mdsprojekt.cz<\/a><\/td><td><strong>Ing. Franti\u0161ek Doubravsk\u00fd<\/strong><br>+420&nbsp;774&nbsp;743&nbsp;936<br><a href=\"mailto:doubravsky@mdsprojekt.cz\">doubravsky@mdsprojekt.cz<\/a><\/td><td><strong>Ing. Martin Hyr\u0161<\/strong><br>+420&nbsp;725&nbsp;886&nbsp;577<br><a href=\"mailto:hyrs@mdsprojekt.cz\">hyrs@mdsprojekt.cz<\/a><\/td><td><strong>Ing. Ond\u0159ej Jetmar <\/strong><br>+420&nbsp;731&nbsp;017&nbsp;399 <br><a href=\"mailto:jetmar@mdsprojekt.cz\">jetmar@mdsprojekt.cz<\/a><\/td><\/tr><tr><td><strong>Ing. Iveta Patrn\u00e1<\/strong><br>+420&nbsp;465&nbsp;323&nbsp;698<br><a href=\"mailto:patrna@mdsprojekt.cz\">patrna@mdsprojekt.cz<\/a><\/td><td><strong>Ing. Jan Pidima<\/strong> <br>+420&nbsp;603&nbsp;215&nbsp;184 <br><a href=\"mailto:pidima@mdsprojekt.cz\">pidima@mdsprojekt.cz<\/a><\/td><td><strong>Ing. Karel Rafael <\/strong><br>+420&nbsp;731&nbsp;615&nbsp;105 <br> <a href=\"mailto:rafael@mdsprojekt.cz\">rafael@mdsprojekt.cz<\/a><\/td><td><strong>Ing. et Ing. Marie Vodi\u010dkov\u00e1<\/strong><br>+420&nbsp;465&nbsp;323&nbsp;769<br><a href=\"mailto:vodickova@mdsprojekt.cz\">vodickova@mdsprojekt.cz<\/a> <\/td><td><\/td><\/tr><tr><td><\/td><td><\/td><td><\/td><td><\/td><td><\/td><\/tr><tr><td><strong>Pozemn\u00ed komunikace<\/strong><\/td><td><\/td><td><\/td><td><strong> <\/strong><\/td><td><strong>In\u017een\u00fdrsk\u00e1 \u010dinnost<\/strong><\/td><\/tr><tr><td><strong>Milo\u0161 Bedn\u00e1\u0159 DiS.<\/strong><br>+420&nbsp;774&nbsp;743&nbsp;933<br><a href=\"mailto:bednar@mdsprojekt.cz\">bednar@mdsprojekt.cz<\/a><\/td><td><strong>Ing. Ji\u0159\u00ed Herynek<\/strong><br>  +420&nbsp;722&nbsp;908&nbsp;613  <br><a href=\"mailto:herynek@mdsprojekt.cz\">herynek@mdsprojekt.cz<\/a><\/td><td><strong>Ing. Luk\u00e1\u0161 Tobe\u0161<\/strong><br>+420&nbsp;725&nbsp;886&nbsp;572<br><a href=\"mailto:tobes@mdsprojekt.cz\">tobes@mdsprojekt.cz<\/a><\/td><td><\/td><td><strong>Ing. Jana Vostr\u010dilov\u00e1 <\/strong><br>+420&nbsp;774&nbsp;743&nbsp;926 <br><a href=\"mailto:vostrcilova@mdsprojekt.cz\">vostrcilova@mdsprojekt.cz<\/a><\/td><\/tr><\/tbody><\/table><\/figure>\n<\/div>\n<\/div>\n<\/div>\n<\/div>\n<\/div>\n","protected":false},"excerpt":{"rendered":"<p>MDS projekt s.r.o.<br \/>\nF\u00f6rsterova \u010d.p. 175<br \/>\n566&nbsp;01 Vysok\u00e9 M\u00fdto<\/p>\n<p>tel: +420&nbsp;465&nbsp;322&nbsp;451<br \/>\ne-mail:mds@mdsprojekt.cz<br \/>\nI\u010cO: 274&nbsp;87&nbsp;938<br \/>\nDI\u010c:CZ 274&nbsp;87&nbsp;938<br \/>\ndatov\u00e1 schr\u00e1nka: kvrkudw <\/p>\n","protected":false},"author":2,"featured_media":0,"parent":0,"menu_order":0,"comment_status":"closed","ping_status":"closed","template":"","meta":{"footnotes":""},"_links":{"self":[{"href":"https:\/\/www.mdsprojekt.cz\/index.php\/wp-json\/wp\/v2\/pages\/20"}],"collection":[{"href":"https:\/\/www.mdsprojekt.cz\/index.php\/wp-json\/wp\/v2\/pages"}],"about":[{"href":"https:\/\/www.mdsprojekt.cz\/index.php\/wp-json\/wp\/v2\/types\/page"}],"author":[{"embeddable":true,"href":"https:\/\/www.mdsprojekt.cz\/index.php\/wp-json\/wp\/v2\/users\/2"}],"replies":[{"embeddable":true,"href":"https:\/\/www.mdsprojekt.cz\/index.php\/wp-json\/wp\/v2\/comments?post=20"}],"version-history":[{"count":192,"href":"https:\/\/www.mdsprojekt.cz\/index.php\/wp-json\/wp\/v2\/pages\/20\/revisions"}],"predecessor-version":[{"id":1285,"href":"https:\/\/www.mdsprojekt.cz\/index.php\/wp-json\/wp\/v2\/pages\/20\/revisions\/1285"}],"wp:attachment":[{"href":"https:\/\/www.mdsprojekt.cz\/index.php\/wp-json\/wp\/v2\/media?parent=20"}],"curies":[{"name":"wp","href":"https:\/\/api.w.org\/{rel}","templated":true}]}}