{"id":227,"date":"2019-03-29T12:07:49","date_gmt":"2019-03-29T11:07:49","guid":{"rendered":"http:\/\/mds.janjetmar.cz\/?page_id=227"},"modified":"2019-12-11T07:51:10","modified_gmt":"2019-12-11T06:51:10","slug":"silnicni-mosty","status":"publish","type":"page","link":"https:\/\/www.mdsprojekt.cz\/index.php\/projekty\/silnicni-mosty\/","title":{"rendered":"SILNI\u010cN\u00cd MOSTY"},"content":{"rendered":"<div id=\"grid-gallery-15-43306\" data-gg-id=\"15\" data-title=\"silni\u010dn\u00ed mosty\" data-grid-type=\"0\" data-offset=\"20.3\" data-area-position=\"center\" data-icons=\"false\" data-preloader=\"true\" data-width=\"200\" data-height=\"200\" data-padding=\"0\" data-quicksand=\"disabled\" data-quicksand-duration=\"none\" data-popup-theme=\"theme_6\" data-popup-type=\"pretty-photo\" data-popup-image-text=\"data-description\" data-popup-widthsize=\"auto\" data-popup-heightsize=\"auto\" data-popup-i18n-words=\"{&quot;close&quot;:&quot;close&quot;,&quot;next&quot;:&quot;next&quot;,&quot;previous&quot;:&quot;previous&quot;,&quot;start_slideshow&quot;:&quot;start slideshow&quot;,&quot;stop_slideshow&quot;:&quot;stop slideshow&quot;,&quot;image&quot;:&quot;image&quot;,&quot;of&quot;:&quot;of&quot;,&quot;prev&quot;:&quot;prev&quot;,&quot;cExpand&quot;:&quot;Expand&quot;,&quot;cPrevious&quot;:&quot;Previous&quot;,&quot;cNext&quot;:&quot;Dal\\u0161\\u00ed&quot;,&quot;cExpandStr&quot;:&quot;Expand the image&quot;,&quot;cRotate&quot;:&quot;Rotate&quot;,&quot;cDetails&quot;:&quot;Details&quot;}\" data-popup-slideshow=\"false\" data-popup-slideshow-speed=\"2500\" data-popup-hoverstop=\"true\" data-popup-slideshow-auto=\"false\" data-popup-background=\"\" data-popup-transparency=\"30\" data-popup-disable-history=\"\" data-popup-disable-changed-url=\"\" data-popup-border-type=\"solid\" data-popup-border-color=\"\" data-popup-border-width=\"100\" data-popup-border-enable=\"\" data-fullscreen=\"false\" data-hide-tooltip=\"false\" data-caption-font-family=\"Verdana\" data-caption-text-size=\"12px\" data-is-mobile=\"0\" data-caption-mobile=\"false\" data-hide-long-tltp-title=\"0\" data-caption-disabled-on-mobile=\"false\" data-lazyload-enable='1' data-lazyload-effect=\"show\" data-lazyload-effect-duration=\"400\" data-popup-placement-type=\"0\" data-social-sharing=\"{&quot;enabled&quot;:&quot;&quot;,&quot;gallerySharing&quot;:{&quot;enabled&quot;:null,&quot;position&quot;:null},&quot;imageSharing&quot;:{&quot;enabled&quot;:null,&quot;wrapperClass&quot;:&quot; vertical &quot;},&quot;popupSharing&quot;:{&quot;enabled&quot;:null,&quot;wrapperClass&quot;:&quot; vertical &quot;}}\" class=\"grid-gallery grid-gallery-fixed \" style=\" width:100%; height:auto; margin-left:auto; margin-right:auto;position:relative;\"> <div class=\"gallery-loading\"> <div class=\"blocks\"> <div class=\"block\"><\/div> <div class=\"block\"><\/div> <div class=\"block\"><\/div> <div class=\"block\"><\/div> <\/div> <\/div> <div class=\"gallery-sharing-top\"><\/div> <div id=\"photos-15\" class=\"grid-gallery-photos\"><a id=\"gg-15-150\" class=\"gg-link \" data-attachment-id=\"679\" href=\"https:\/\/www.mdsprojekt.cz\/wp-content\/uploads\/2019\/11\/II611-Pod\u011bbrady-most-ev.\u010d.-611-016.jpg?gid=15\" target=\"_self\" data-rel=\"prettyPhoto[pp_gal]\" style=\"border-radius:0px;\" ><FIGURE class=\"grid-gallery-caption\" data-grid-gallery-type=\"revolving-door-left\" data-index=\"0\" style=\"display:none;border-radius:0px;; margin:20.3px; width:200px;\" ><div class=\"crop\" style=\" width:200px; height:200px; overflow:hidden;\"><img decoding=\"async\" data-gg-real-image-href=\"https:\/\/www.mdsprojekt.cz\/wp-content\/uploads\/2019\/11\/II611-Pod\u011bbrady-most-ev.\u010d.-611-016-200x200.jpg\" src=\"https:\/\/www.mdsprojekt.cz\/wp-content\/plugins\/gallery-by-supsystic\/src\/GridGallery\/Galleries\/assets\/img\/loading.gif\" class=\"ggImg ggLazyImg\" alt=\"SONY DSC\" data-description=\"SONY DSC\" data-caption=\"II\/611 - Pod\u011bbrady most ev.\u010d. 611-016\" data-title=\"SONY DSC\" style=\" width:200px; height:200px;\" \/><\/div><FIGCAPTION class=\"\" data-alpha=\"5\" style=\"color:#ffffff; background-color:#6f0000; font-size:12px; text-align:left; font-family:Verdana;\" ><div class=\"grid-gallery-figcaption-wrap\" style=\" vertical-align:top;\"><div class=\"gg-image-caption fitvidsignore\" style=\"font-size:12px;\"><object type=\"none\/none\">II\/611 - Pod\u011bbrady most ev.\u010d. 611-016 <\/object><\/div><\/div><\/FIGCAPTION><\/FIGURE><\/a><a id=\"gg-15-140\" class=\"gg-link \" data-attachment-id=\"666\" href=\"https:\/\/www.mdsprojekt.cz\/wp-content\/uploads\/2019\/11\/I-11-Vamberk-ev.\u010d.11-057.jpg?gid=15\" target=\"_self\" data-rel=\"prettyPhoto[pp_gal]\" style=\"border-radius:0px;\" ><FIGURE class=\"grid-gallery-caption\" data-grid-gallery-type=\"revolving-door-left\" data-index=\"1\" style=\"display:none;border-radius:0px;; margin:20.3px; width:200px;\" ><div class=\"crop\" style=\" width:200px; height:200px; overflow:hidden;\"><img decoding=\"async\" data-gg-real-image-href=\"https:\/\/www.mdsprojekt.cz\/wp-content\/uploads\/2019\/11\/I-11-Vamberk-ev.\u010d.11-057-200x200.jpg\" src=\"https:\/\/www.mdsprojekt.cz\/wp-content\/plugins\/gallery-by-supsystic\/src\/GridGallery\/Galleries\/assets\/img\/loading.gif\" class=\"ggImg ggLazyImg\" alt=\"Most ev.\u010d. 11-057 - Vamberk\" data-description=\"OLYMPUS DIGITAL CAMERA\" data-caption=\"Most ev.\u010d. 11-057 - Vamberk\" data-title=\"OLYMPUS DIGITAL CAMERA\" style=\" width:200px; height:200px;\" \/><\/div><FIGCAPTION class=\"\" data-alpha=\"5\" style=\"color:#ffffff; background-color:#6f0000; font-size:12px; text-align:left; font-family:Verdana;\" ><div class=\"grid-gallery-figcaption-wrap\" style=\" vertical-align:top;\"><div class=\"gg-image-caption fitvidsignore\" style=\"font-size:12px;\"><object type=\"none\/none\">Most ev.\u010d. 11-057 - Vamberk <\/object><\/div><\/div><\/FIGCAPTION><\/FIGURE><\/a><a id=\"gg-15-139\" class=\"gg-link \" data-attachment-id=\"665\" href=\"https:\/\/www.mdsprojekt.cz\/wp-content\/uploads\/2019\/11\/I-11-Helvikovice-most-11-064.jpg?gid=15\" target=\"_self\" data-rel=\"prettyPhoto[pp_gal]\" style=\"border-radius:0px;\" ><FIGURE class=\"grid-gallery-caption\" data-grid-gallery-type=\"revolving-door-left\" data-index=\"2\" style=\"display:none;border-radius:0px;; margin:20.3px; width:200px;\" ><div class=\"crop\" style=\" width:200px; height:200px; overflow:hidden;\"><img decoding=\"async\" data-gg-real-image-href=\"https:\/\/www.mdsprojekt.cz\/wp-content\/uploads\/2019\/11\/I-11-Helvikovice-most-11-064-200x200.jpg\" src=\"https:\/\/www.mdsprojekt.cz\/wp-content\/plugins\/gallery-by-supsystic\/src\/GridGallery\/Galleries\/assets\/img\/loading.gif\" class=\"ggImg ggLazyImg\" alt=\"I-11 Helvikovice, most 11-064\" data-description=\"I-11 Helvikovice, most 11-064\" data-caption=\"I\/11 Helvikovice, most 11- 064\" data-title=\"I-11 Helvikovice, most 11-064\" style=\" width:200px; height:200px;\" \/><\/div><FIGCAPTION class=\"\" data-alpha=\"5\" style=\"color:#ffffff; background-color:#6f0000; font-size:12px; text-align:left; font-family:Verdana;\" ><div class=\"grid-gallery-figcaption-wrap\" style=\" vertical-align:top;\"><div class=\"gg-image-caption fitvidsignore\" style=\"font-size:12px;\"><object type=\"none\/none\">I\/11 Helvikovice, most 11- 064 <\/object><\/div><\/div><\/FIGCAPTION><\/FIGURE><\/a><a id=\"gg-15-146\" class=\"gg-link \" data-attachment-id=\"672\" href=\"https:\/\/www.mdsprojekt.cz\/wp-content\/uploads\/2019\/11\/Most-ev.\u010d.3082-1-Svinary_-RDS.jpg?gid=15\" target=\"_self\" data-rel=\"prettyPhoto[pp_gal]\" style=\"border-radius:0px;\" ><FIGURE class=\"grid-gallery-caption\" data-grid-gallery-type=\"revolving-door-left\" data-index=\"3\" style=\"display:none;border-radius:0px;; margin:20.3px; width:200px;\" ><div class=\"crop\" style=\" width:200px; height:200px; overflow:hidden;\"><img decoding=\"async\" data-gg-real-image-href=\"https:\/\/www.mdsprojekt.cz\/wp-content\/uploads\/2019\/11\/Most-ev.\u010d.3082-1-Svinary_-RDS-200x200.jpg\" src=\"https:\/\/www.mdsprojekt.cz\/wp-content\/plugins\/gallery-by-supsystic\/src\/GridGallery\/Galleries\/assets\/img\/loading.gif\" class=\"ggImg ggLazyImg\" alt=\"Most ev.\u010d.3082-1 Svinary_ RDS\" data-description=\"Most ev.\u010d.3082-1 Svinary_ RDS\" data-caption=\"Most ev.\u010d. 3082-1 Svinary REALIZA\u010cN\u00cd DOKUMENTACE STAVBY\" data-title=\"Most ev.\u010d.3082-1 Svinary_ RDS\" style=\" width:200px; height:200px;\" \/><\/div><FIGCAPTION class=\"\" data-alpha=\"5\" style=\"color:#ffffff; background-color:#6f0000; font-size:12px; text-align:left; font-family:Verdana;\" ><div class=\"grid-gallery-figcaption-wrap\" style=\" vertical-align:top;\"><div class=\"gg-image-caption fitvidsignore\" style=\"font-size:12px;\"><object type=\"none\/none\">Most ev.\u010d. 3082-1 Svinary REALIZA\u010cN\u00cd DOKUMENTACE STAVBY <\/object><\/div><\/div><\/FIGCAPTION><\/FIGURE><\/a><a id=\"gg-15-143\" class=\"gg-link \" data-attachment-id=\"669\" href=\"https:\/\/www.mdsprojekt.cz\/wp-content\/uploads\/2019\/11\/I-43-most-p\u0159es-Ku\u0159imku-u-Ku\u0159imi-ev.\u010d.-43-015.jpg?gid=15\" target=\"_self\" data-rel=\"prettyPhoto[pp_gal]\" style=\"border-radius:0px;\" ><FIGURE class=\"grid-gallery-caption\" data-grid-gallery-type=\"revolving-door-left\" data-index=\"4\" style=\"display:none;border-radius:0px;; margin:20.3px; width:200px;\" ><div class=\"crop\" style=\" width:200px; height:200px; overflow:hidden;\"><img decoding=\"async\" data-gg-real-image-href=\"https:\/\/www.mdsprojekt.cz\/wp-content\/uploads\/2019\/11\/I-43-most-p\u0159es-Ku\u0159imku-u-Ku\u0159imi-ev.\u010d.-43-015-200x200.jpg\" src=\"https:\/\/www.mdsprojekt.cz\/wp-content\/plugins\/gallery-by-supsystic\/src\/GridGallery\/Galleries\/assets\/img\/loading.gif\" class=\"ggImg ggLazyImg\" alt=\"I-43 most p\u0159es Ku\u0159imku u Ku\u0159imi ev.\u010d. 43-015\" data-description=\"I-43 most p\u0159es Ku\u0159imku u Ku\u0159imi ev.\u010d. 43-015\" data-caption=\"I\/43 most p\u0159es Ku\u0159imku u Ku\u0159imi ev.\u010d. 43-015\" data-title=\"I-43 most p\u0159es Ku\u0159imku u Ku\u0159imi ev.\u010d. 43-015\" style=\" width:200px; height:200px;\" \/><\/div><FIGCAPTION class=\"\" data-alpha=\"5\" style=\"color:#ffffff; background-color:#6f0000; font-size:12px; text-align:left; font-family:Verdana;\" ><div class=\"grid-gallery-figcaption-wrap\" style=\" vertical-align:top;\"><div class=\"gg-image-caption fitvidsignore\" style=\"font-size:12px;\"><object type=\"none\/none\">I\/43 most p\u0159es Ku\u0159imku u Ku\u0159imi ev.\u010d. 43-015 <\/object><\/div><\/div><\/FIGCAPTION><\/FIGURE><\/a><a id=\"gg-15-141\" class=\"gg-link \" data-attachment-id=\"667\" href=\"https:\/\/www.mdsprojekt.cz\/wp-content\/uploads\/2019\/11\/I-19-Byst\u0159ice-nad-Pern\u0161tejnem-most-ev.\u010d.-19-082.jpg?gid=15\" target=\"_self\" data-rel=\"prettyPhoto[pp_gal]\" style=\"border-radius:0px;\" ><FIGURE class=\"grid-gallery-caption\" data-grid-gallery-type=\"revolving-door-left\" data-index=\"5\" style=\"display:none;border-radius:0px;; margin:20.3px; width:200px;\" ><div class=\"crop\" style=\" width:200px; height:200px; overflow:hidden;\"><img decoding=\"async\" data-gg-real-image-href=\"https:\/\/www.mdsprojekt.cz\/wp-content\/uploads\/2019\/11\/I-19-Byst\u0159ice-nad-Pern\u0161tejnem-most-ev.\u010d.-19-082-200x200.jpg\" src=\"https:\/\/www.mdsprojekt.cz\/wp-content\/plugins\/gallery-by-supsystic\/src\/GridGallery\/Galleries\/assets\/img\/loading.gif\" class=\"ggImg ggLazyImg\" alt=\"I-19 Byst\u0159ice nad Pern\u0161tejnem, most ev.\u010d. 19-082\" data-description=\"I-19 Byst\u0159ice nad Pern\u0161tejnem, most ev.\u010d. 19-082\" data-caption=\"I\/19 Byst\u0159ice nad Pern\u0161tejnem, most ev.\u010d. 19-082\" data-title=\"I-19 Byst\u0159ice nad Pern\u0161tejnem, most ev.\u010d. 19-082\" style=\" width:200px; height:200px;\" \/><\/div><FIGCAPTION class=\"\" data-alpha=\"5\" style=\"color:#ffffff; background-color:#6f0000; font-size:12px; text-align:left; font-family:Verdana;\" ><div class=\"grid-gallery-figcaption-wrap\" style=\" vertical-align:top;\"><div class=\"gg-image-caption fitvidsignore\" style=\"font-size:12px;\"><object type=\"none\/none\">I\/19 Byst\u0159ice nad Pern\u0161tejnem, most ev.\u010d. 19-082 <\/object><\/div><\/div><\/FIGCAPTION><\/FIGURE><\/a><a id=\"gg-15-148\" class=\"gg-link \" data-attachment-id=\"674\" href=\"https:\/\/www.mdsprojekt.cz\/wp-content\/uploads\/2019\/11\/Most_ev_c_29819-1_Drahos.jpg?gid=15\" target=\"_self\" data-rel=\"prettyPhoto[pp_gal]\" style=\"border-radius:0px;\" ><FIGURE class=\"grid-gallery-caption\" data-grid-gallery-type=\"revolving-door-left\" data-index=\"6\" style=\"display:none;border-radius:0px;; margin:20.3px; width:200px;\" ><div class=\"crop\" style=\" width:200px; height:200px; overflow:hidden;\"><img decoding=\"async\" data-gg-real-image-href=\"https:\/\/www.mdsprojekt.cz\/wp-content\/uploads\/2019\/11\/Most_ev_c_29819-1_Drahos-200x200.jpg\" src=\"https:\/\/www.mdsprojekt.cz\/wp-content\/plugins\/gallery-by-supsystic\/src\/GridGallery\/Galleries\/assets\/img\/loading.gif\" class=\"ggImg ggLazyImg\" alt=\"Most_ev_c_29819-1_Drahos\" data-description=\"Most_ev_c_29819-1_Drahos\" data-caption=\"Most ev.\u010d. 29819-1 Draho\u0161\" data-title=\"Most_ev_c_29819-1_Drahos\" style=\" width:200px; height:200px;\" \/><\/div><FIGCAPTION class=\"\" data-alpha=\"5\" style=\"color:#ffffff; background-color:#6f0000; font-size:12px; text-align:left; font-family:Verdana;\" ><div class=\"grid-gallery-figcaption-wrap\" style=\" vertical-align:top;\"><div class=\"gg-image-caption fitvidsignore\" style=\"font-size:12px;\"><object type=\"none\/none\">Most ev.\u010d. 29819-1 Draho\u0161 <\/object><\/div><\/div><\/FIGCAPTION><\/FIGURE><\/a><a id=\"gg-15-149\" class=\"gg-link \" data-attachment-id=\"675\" href=\"https:\/\/www.mdsprojekt.cz\/wp-content\/uploads\/2019\/11\/Rekonstrukce-mostu-ev-\u010d-311-020-Jablonn\u00e9-nad-Orlic\u00ed.jpg?gid=15\" target=\"_self\" data-rel=\"prettyPhoto[pp_gal]\" style=\"border-radius:0px;\" ><FIGURE class=\"grid-gallery-caption\" data-grid-gallery-type=\"revolving-door-left\" data-index=\"7\" style=\"display:none;border-radius:0px;; margin:20.3px; width:200px;\" ><div class=\"crop\" style=\" width:200px; height:200px; overflow:hidden;\"><img decoding=\"async\" data-gg-real-image-href=\"https:\/\/www.mdsprojekt.cz\/wp-content\/uploads\/2019\/11\/Rekonstrukce-mostu-ev-\u010d-311-020-Jablonn\u00e9-nad-Orlic\u00ed-200x200.jpg\" src=\"https:\/\/www.mdsprojekt.cz\/wp-content\/plugins\/gallery-by-supsystic\/src\/GridGallery\/Galleries\/assets\/img\/loading.gif\" class=\"ggImg ggLazyImg\" alt=\"Rekonstrukce mostu ev \u010d 311-020 Jablonn\u00e9 nad Orlic\u00ed\" data-description=\"Rekonstrukce mostu ev \u010d 311-020 Jablonn\u00e9 nad Orlic\u00ed\" data-caption=\"Rekonstrukce mostu ev.\u010d. 311-020 Jablonn\u00e9 nad Orlic\u00ed\" data-title=\"Rekonstrukce mostu ev \u010d 311-020 Jablonn\u00e9 nad Orlic\u00ed\" style=\" width:200px; height:200px;\" \/><\/div><FIGCAPTION class=\"\" data-alpha=\"5\" style=\"color:#ffffff; background-color:#6f0000; font-size:12px; text-align:left; font-family:Verdana;\" ><div class=\"grid-gallery-figcaption-wrap\" style=\" vertical-align:top;\"><div class=\"gg-image-caption fitvidsignore\" style=\"font-size:12px;\"><object type=\"none\/none\">Rekonstrukce mostu ev.\u010d. 311-020 Jablonn\u00e9 nad Orlic\u00ed <\/object><\/div><\/div><\/FIGCAPTION><\/FIGURE><\/a><a id=\"gg-15-144\" class=\"gg-link \" data-attachment-id=\"670\" href=\"https:\/\/www.mdsprojekt.cz\/wp-content\/uploads\/2019\/11\/III-35847-\u2013-Optimalizace-pr\u016fjezdn\u00e9ho-profilu-podjezd\u016f-pod-\u017eelezni\u010dn\u00ed-trat\u00ed-v-\u010cesk\u00e9-T\u0159ebov\u00e9.jpg?gid=15\" target=\"_self\" data-rel=\"prettyPhoto[pp_gal]\" style=\"border-radius:0px;\" ><FIGURE class=\"grid-gallery-caption\" data-grid-gallery-type=\"revolving-door-left\" data-index=\"8\" style=\"display:none;border-radius:0px;; margin:20.3px; width:200px;\" ><div class=\"crop\" style=\" width:200px; height:200px; overflow:hidden;\"><img decoding=\"async\" data-gg-real-image-href=\"https:\/\/www.mdsprojekt.cz\/wp-content\/uploads\/2019\/11\/III-35847-\u2013-Optimalizace-pr\u016fjezdn\u00e9ho-profilu-podjezd\u016f-pod-\u017eelezni\u010dn\u00ed-trat\u00ed-v-\u010cesk\u00e9-T\u0159ebov\u00e9-200x200.jpg\" src=\"https:\/\/www.mdsprojekt.cz\/wp-content\/plugins\/gallery-by-supsystic\/src\/GridGallery\/Galleries\/assets\/img\/loading.gif\" class=\"ggImg ggLazyImg\" alt=\"III-35847 \u2013 Optimalizace pr\u016fjezdn\u00e9ho profilu podjezd\u016f pod \u017eelezni\u010dn\u00ed trat\u00ed v \u010cesk\u00e9 T\u0159ebov\u00e9\" data-description=\"III-35847 \u2013 Optimalizace pr\u016fjezdn\u00e9ho profilu podjezd\u016f pod \u017eelezni\u010dn\u00ed trat\u00ed v \u010cesk\u00e9 T\u0159ebov\u00e9\" data-caption=\"III\/35847 \u2013 Optimalizace pr\u016fjezdn\u00e9ho profilu podjezd\u016f pod \u017eelezni\u010dn\u00ed trat\u00ed v \u010cesk\u00e9 T\u0159ebov\u00e9\" data-title=\"III-35847 \u2013 Optimalizace pr\u016fjezdn\u00e9ho profilu podjezd\u016f pod \u017eelezni\u010dn\u00ed trat\u00ed v \u010cesk\u00e9 T\u0159ebov\u00e9\" style=\" width:200px; height:200px;\" \/><\/div><FIGCAPTION class=\"\" data-alpha=\"5\" style=\"color:#ffffff; background-color:#6f0000; font-size:12px; text-align:left; font-family:Verdana;\" ><div class=\"grid-gallery-figcaption-wrap\" style=\" vertical-align:top;\"><div class=\"gg-image-caption fitvidsignore\" style=\"font-size:12px;\"><object type=\"none\/none\">III\/35847 \u2013 Optimalizace pr\u016fjezdn\u00e9ho profilu podjezd\u016f pod \u017eelezni\u010dn\u00ed trat\u00ed v \u010cesk\u00e9 T\u0159ebov\u00e9 <\/object><\/div><\/div><\/FIGCAPTION><\/FIGURE><\/a><a id=\"gg-15-147\" class=\"gg-link \" data-attachment-id=\"673\" href=\"https:\/\/www.mdsprojekt.cz\/wp-content\/uploads\/2019\/11\/Most_ev_c_38-060_Skuhrov.jpg?gid=15\" target=\"_self\" data-rel=\"prettyPhoto[pp_gal]\" style=\"border-radius:0px;\" ><FIGURE class=\"grid-gallery-caption\" data-grid-gallery-type=\"revolving-door-left\" data-index=\"9\" style=\"display:none;border-radius:0px;; margin:20.3px; width:200px;\" ><div class=\"crop\" style=\" width:200px; height:200px; overflow:hidden;\"><img decoding=\"async\" data-gg-real-image-href=\"https:\/\/www.mdsprojekt.cz\/wp-content\/uploads\/2019\/11\/Most_ev_c_38-060_Skuhrov-200x200.jpg\" src=\"https:\/\/www.mdsprojekt.cz\/wp-content\/plugins\/gallery-by-supsystic\/src\/GridGallery\/Galleries\/assets\/img\/loading.gif\" class=\"ggImg ggLazyImg\" alt=\"Most_ev_c_38-060_Skuhrov\" data-description=\"Most_ev_c_38-060_Skuhrov\" data-caption=\"Most ev.\u010d. 38-060 Skuhrov\" data-title=\"Most_ev_c_38-060_Skuhrov\" style=\" width:200px; height:200px;\" \/><\/div><FIGCAPTION class=\"\" data-alpha=\"5\" style=\"color:#ffffff; background-color:#6f0000; font-size:12px; text-align:left; font-family:Verdana;\" ><div class=\"grid-gallery-figcaption-wrap\" style=\" vertical-align:top;\"><div class=\"gg-image-caption fitvidsignore\" style=\"font-size:12px;\"><object type=\"none\/none\">Most ev.\u010d. 38-060 Skuhrov <\/object><\/div><\/div><\/FIGCAPTION><\/FIGURE><\/a><a id=\"gg-15-142\" class=\"gg-link \" data-attachment-id=\"668\" href=\"https:\/\/www.mdsprojekt.cz\/wp-content\/uploads\/2019\/11\/I-31-most-ev.\u010d.-31-005.1-a-31-005.2-Hradec-Kr\u00e1lov\u00e9-oprava-odvodn\u011bn\u00ed.jpg?gid=15\" target=\"_self\" data-rel=\"prettyPhoto[pp_gal]\" style=\"border-radius:0px;\" ><FIGURE class=\"grid-gallery-caption\" data-grid-gallery-type=\"revolving-door-left\" data-index=\"10\" style=\"display:none;border-radius:0px;; margin:20.3px; width:200px;\" ><div class=\"crop\" style=\" width:200px; height:200px; overflow:hidden;\"><img decoding=\"async\" data-gg-real-image-href=\"https:\/\/www.mdsprojekt.cz\/wp-content\/uploads\/2019\/11\/I-31-most-ev.\u010d.-31-005.1-a-31-005.2-Hradec-Kr\u00e1lov\u00e9-oprava-odvodn\u011bn\u00ed-200x200.jpg\" src=\"https:\/\/www.mdsprojekt.cz\/wp-content\/plugins\/gallery-by-supsystic\/src\/GridGallery\/Galleries\/assets\/img\/loading.gif\" class=\"ggImg ggLazyImg\" alt=\"I-31-most ev.\u010d. 31-005.1 a 31-005.2, Hradec Kr\u00e1lov\u00e9, oprava odvodn\u011bn\u00ed\" data-description=\"I-31-most ev.\u010d. 31-005.1 a 31-005.2, Hradec Kr\u00e1lov\u00e9, oprava odvodn\u011bn\u00ed\" data-caption=\"I\/31-most ev.\u010d. 31-005.1 a 31-005.2, Hradec Kr\u00e1lov\u00e9, oprava odvodn\u011bn\u00ed\" data-title=\"I-31-most ev.\u010d. 31-005.1 a 31-005.2, Hradec Kr\u00e1lov\u00e9, oprava odvodn\u011bn\u00ed\" style=\" width:200px; height:200px;\" \/><\/div><FIGCAPTION class=\"\" data-alpha=\"5\" style=\"color:#ffffff; background-color:#6f0000; font-size:12px; text-align:left; font-family:Verdana;\" ><div class=\"grid-gallery-figcaption-wrap\" style=\" vertical-align:top;\"><div class=\"gg-image-caption fitvidsignore\" style=\"font-size:12px;\"><object type=\"none\/none\">I\/31-most ev.\u010d. 31-005.1 a 31-005.2, Hradec Kr\u00e1lov\u00e9, oprava odvodn\u011bn\u00ed <\/object><\/div><\/div><\/FIGCAPTION><\/FIGURE><\/a> <div class=\"grid-gallery-clearfix\"><\/div> <\/div> <div class=\"gallery-sharing-bottom\"><\/div> <div class=\"grid-gallery-clearfix\"><\/div> <\/div> <!-- Gallery by Supsystic plugin1.15.4 -->\n","protected":false},"excerpt":{"rendered":"","protected":false},"author":2,"featured_media":0,"parent":15,"menu_order":0,"comment_status":"closed","ping_status":"closed","template":"","meta":{"footnotes":""},"_links":{"self":[{"href":"https:\/\/www.mdsprojekt.cz\/index.php\/wp-json\/wp\/v2\/pages\/227"}],"collection":[{"href":"https:\/\/www.mdsprojekt.cz\/index.php\/wp-json\/wp\/v2\/pages"}],"about":[{"href":"https:\/\/www.mdsprojekt.cz\/index.php\/wp-json\/wp\/v2\/types\/page"}],"author":[{"embeddable":true,"href":"https:\/\/www.mdsprojekt.cz\/index.php\/wp-json\/wp\/v2\/users\/2"}],"replies":[{"embeddable":true,"href":"https:\/\/www.mdsprojekt.cz\/index.php\/wp-json\/wp\/v2\/comments?post=227"}],"version-history":[{"count":5,"href":"https:\/\/www.mdsprojekt.cz\/index.php\/wp-json\/wp\/v2\/pages\/227\/revisions"}],"predecessor-version":[{"id":677,"href":"https:\/\/www.mdsprojekt.cz\/index.php\/wp-json\/wp\/v2\/pages\/227\/revisions\/677"}],"up":[{"embeddable":true,"href":"https:\/\/www.mdsprojekt.cz\/index.php\/wp-json\/wp\/v2\/pages\/15"}],"wp:attachment":[{"href":"https:\/\/www.mdsprojekt.cz\/index.php\/wp-json\/wp\/v2\/media?parent=227"}],"curies":[{"name":"wp","href":"https:\/\/api.w.org\/{rel}","templated":true}]}}