{"id":233,"date":"2019-03-29T12:42:43","date_gmt":"2019-03-29T11:42:43","guid":{"rendered":"http:\/\/mds.janjetmar.cz\/?page_id=233"},"modified":"2019-12-11T07:52:50","modified_gmt":"2019-12-11T06:52:50","slug":"zeleznicni-mosty","status":"publish","type":"page","link":"https:\/\/www.mdsprojekt.cz\/index.php\/projekty\/zeleznicni-mosty\/","title":{"rendered":"\u017dELEZNI\u010cN\u00cd MOSTY"},"content":{"rendered":"\n<div id=\"grid-gallery-24-2221\" data-gg-id=\"24\" data-title=\"\u017dELEZNI\u010cN\u00cd MOSTY\" data-grid-type=\"0\" data-offset=\"20.3\" data-area-position=\"center\" data-icons=\"false\" data-preloader=\"true\" data-width=\"200\" data-height=\"200\" data-padding=\"0\" data-quicksand=\"disabled\" data-quicksand-duration=\"none\" data-popup-theme=\"theme_6\" data-popup-type=\"pretty-photo\" data-popup-image-text=\"data-description\" data-popup-widthsize=\"auto\" data-popup-heightsize=\"auto\" data-popup-i18n-words=\"{&quot;close&quot;:&quot;close&quot;,&quot;next&quot;:&quot;next&quot;,&quot;previous&quot;:&quot;previous&quot;,&quot;start_slideshow&quot;:&quot;start slideshow&quot;,&quot;stop_slideshow&quot;:&quot;stop slideshow&quot;,&quot;image&quot;:&quot;image&quot;,&quot;of&quot;:&quot;of&quot;,&quot;prev&quot;:&quot;prev&quot;,&quot;cExpand&quot;:&quot;Expand&quot;,&quot;cPrevious&quot;:&quot;Previous&quot;,&quot;cNext&quot;:&quot;Dal\\u0161\\u00ed&quot;,&quot;cExpandStr&quot;:&quot;Expand the image&quot;,&quot;cRotate&quot;:&quot;Rotate&quot;,&quot;cDetails&quot;:&quot;Details&quot;}\" data-popup-slideshow=\"false\" data-popup-slideshow-speed=\"2500\" data-popup-hoverstop=\"true\" data-popup-slideshow-auto=\"false\" data-popup-background=\"\" data-popup-transparency=\"30\" data-popup-disable-history=\"\" data-popup-disable-changed-url=\"\" data-popup-border-type=\"solid\" data-popup-border-color=\"\" data-popup-border-width=\"100\" data-popup-border-enable=\"\" data-fullscreen=\"false\" data-hide-tooltip=\"false\" data-caption-font-family=\"Verdana\" data-caption-text-size=\"12px\" data-is-mobile=\"0\" data-caption-mobile=\"false\" data-hide-long-tltp-title=\"0\" data-caption-disabled-on-mobile=\"false\" data-lazyload-enable='1' data-lazyload-effect=\"show\" data-lazyload-effect-duration=\"400\" data-popup-placement-type=\"0\" data-social-sharing=\"{&quot;enabled&quot;:&quot;&quot;,&quot;gallerySharing&quot;:{&quot;enabled&quot;:null,&quot;position&quot;:null},&quot;imageSharing&quot;:{&quot;enabled&quot;:null,&quot;wrapperClass&quot;:&quot; vertical &quot;},&quot;popupSharing&quot;:{&quot;enabled&quot;:null,&quot;wrapperClass&quot;:&quot; vertical &quot;}}\" class=\"grid-gallery grid-gallery-fixed \" style=\" width:100%; height:auto; margin-left:auto; margin-right:auto;position:relative;\"> <div class=\"gallery-loading\"> <div class=\"blocks\"> <div class=\"block\"><\/div> <div class=\"block\"><\/div> <div class=\"block\"><\/div> <div class=\"block\"><\/div> <\/div> <\/div> <div class=\"gallery-sharing-top\"><\/div> <div id=\"photos-24\" class=\"grid-gallery-photos\"><a id=\"gg-24-272\" class=\"gg-link \" data-attachment-id=\"1169\" href=\"https:\/\/www.mdsprojekt.cz\/wp-content\/uploads\/2022\/05\/Oprava-mostn\u00edch-objekt\u016f-v-\u00faseku-Choce\u0148-Borohr\u00e1dek-most-10647-scaled.jpg?gid=24\" target=\"_self\" data-rel=\"prettyPhoto[pp_gal]\" style=\"border-radius:0px;\" ><FIGURE class=\"grid-gallery-caption\" data-grid-gallery-type=\"revolving-door-left\" data-index=\"0\" style=\"display:none;border-radius:0px;; margin:20.3px; width:200px;\" ><div class=\"crop\" style=\" width:200px; height:200px; overflow:hidden;\"><img decoding=\"async\" data-gg-real-image-href=\"https:\/\/www.mdsprojekt.cz\/wp-content\/uploads\/2022\/05\/Oprava-mostn\u00edch-objekt\u016f-v-\u00faseku-Choce\u0148-Borohr\u00e1dek-most-10647-scaled-200x200.jpg\" src=\"https:\/\/www.mdsprojekt.cz\/wp-content\/plugins\/gallery-by-supsystic\/src\/GridGallery\/Galleries\/assets\/img\/loading.gif\" class=\"ggImg ggLazyImg\" alt=\"Oprava mostn\u00edch objekt\u016f v \u00faseku Choce\u0148 - Borohr\u00e1dek, most 10,647\" data-description=\"Oprava mostn\u00edch objekt\u016f v \u00faseku Choce\u0148 - Borohr\u00e1dek, most 10,647\" data-caption=\"Oprava mostn\u00edch objekt\u016f v \u00faseku Choce\u0148 - Borohr\u00e1dek, most 10,647\" data-title=\"Oprava mostn\u00edch objekt\u016f v \u00faseku Choce\u0148 - Borohr\u00e1dek, most 10,647\" style=\" width:200px; height:200px;\" \/><\/div><FIGCAPTION class=\"\" data-alpha=\"5\" style=\"color:#ffffff; background-color:#6f0000; font-size:12px; text-align:left; font-family:Verdana;\" ><div class=\"grid-gallery-figcaption-wrap\" style=\" vertical-align:top;\"><div class=\"gg-image-caption fitvidsignore\" style=\"font-size:12px;\"><object type=\"none\/none\">Oprava mostn\u00edch objekt\u016f v \u00faseku Choce\u0148 - Borohr\u00e1dek, most 10,647 <\/object><\/div><\/div><\/FIGCAPTION><\/FIGURE><\/a><a id=\"gg-24-269\" class=\"gg-link \" data-attachment-id=\"1166\" href=\"https:\/\/www.mdsprojekt.cz\/wp-content\/uploads\/2022\/05\/Odstraneni-propadu-tratove-rychlosti-Tutnov-Liberec..jpg?gid=24\" target=\"_self\" data-rel=\"prettyPhoto[pp_gal]\" style=\"border-radius:0px;\" ><FIGURE class=\"grid-gallery-caption\" data-grid-gallery-type=\"revolving-door-left\" data-index=\"1\" style=\"display:none;border-radius:0px;; margin:20.3px; width:200px;\" ><div class=\"crop\" style=\" width:200px; height:200px; overflow:hidden;\"><img decoding=\"async\" data-gg-real-image-href=\"https:\/\/www.mdsprojekt.cz\/wp-content\/uploads\/2022\/05\/Odstraneni-propadu-tratove-rychlosti-Tutnov-Liberec.-200x200.jpg\" src=\"https:\/\/www.mdsprojekt.cz\/wp-content\/plugins\/gallery-by-supsystic\/src\/GridGallery\/Galleries\/assets\/img\/loading.gif\" class=\"ggImg ggLazyImg\" alt=\"Odstraneni propadu tratove rychlosti (Tutnov - Liberec).\" data-description=\"Odstraneni propadu tratove rychlosti (Tutnov - Liberec).\" data-caption=\"Odstraneni propadu tratove rychlosti (Tutnov - Liberec)\" data-title=\"Odstraneni propadu tratove rychlosti (Tutnov - Liberec).\" style=\" width:200px; height:200px;\" \/><\/div><FIGCAPTION class=\"\" data-alpha=\"5\" style=\"color:#ffffff; background-color:#6f0000; font-size:12px; text-align:left; font-family:Verdana;\" ><div class=\"grid-gallery-figcaption-wrap\" style=\" vertical-align:top;\"><div class=\"gg-image-caption fitvidsignore\" style=\"font-size:12px;\"><object type=\"none\/none\">Odstraneni propadu tratove rychlosti (Tutnov - Liberec) <\/object><\/div><\/div><\/FIGCAPTION><\/FIGURE><\/a><a id=\"gg-24-270\" class=\"gg-link \" data-attachment-id=\"1167\" href=\"https:\/\/www.mdsprojekt.cz\/wp-content\/uploads\/2022\/05\/Odstraneni-propadu-tratove-rychlosti-Tutnov-Liberec.jpg?gid=24\" target=\"_self\" data-rel=\"prettyPhoto[pp_gal]\" style=\"border-radius:0px;\" ><FIGURE class=\"grid-gallery-caption\" data-grid-gallery-type=\"revolving-door-left\" data-index=\"2\" style=\"display:none;border-radius:0px;; margin:20.3px; width:200px;\" ><div class=\"crop\" style=\" width:200px; height:200px; overflow:hidden;\"><img decoding=\"async\" data-gg-real-image-href=\"https:\/\/www.mdsprojekt.cz\/wp-content\/uploads\/2022\/05\/Odstraneni-propadu-tratove-rychlosti-Tutnov-Liberec-200x200.jpg\" src=\"https:\/\/www.mdsprojekt.cz\/wp-content\/plugins\/gallery-by-supsystic\/src\/GridGallery\/Galleries\/assets\/img\/loading.gif\" class=\"ggImg ggLazyImg\" alt=\"Odstraneni propadu tratove rychlosti (Tutnov - Liberec)\" data-description=\"Odstraneni propadu tratove rychlosti (Tutnov - Liberec)\" data-caption=\"Odstraneni propadu tratove rychlosti (Tutnov - Liberec)\" data-title=\"Odstraneni propadu tratove rychlosti (Tutnov - Liberec)\" style=\" width:200px; height:200px;\" \/><\/div><FIGCAPTION class=\"\" data-alpha=\"5\" style=\"color:#ffffff; background-color:#6f0000; font-size:12px; text-align:left; font-family:Verdana;\" ><div class=\"grid-gallery-figcaption-wrap\" style=\" vertical-align:top;\"><div class=\"gg-image-caption fitvidsignore\" style=\"font-size:12px;\"><object type=\"none\/none\">Odstraneni propadu tratove rychlosti (Tutnov - Liberec) <\/object><\/div><\/div><\/FIGCAPTION><\/FIGURE><\/a><a id=\"gg-24-88\" class=\"gg-link \" data-attachment-id=\"526\" href=\"https:\/\/www.mdsprojekt.cz\/wp-content\/uploads\/2019\/04\/Oprava-mostu-v-km-47535-trati-T\u0159ebovice-v-\u010cech\u00e1ch-Prost\u011bjov.jpg?gid=24\" target=\"_self\" data-rel=\"prettyPhoto[pp_gal]\" style=\"border-radius:0px;\" ><FIGURE class=\"grid-gallery-caption\" data-grid-gallery-type=\"revolving-door-left\" data-index=\"3\" style=\"display:none;border-radius:0px;; margin:20.3px; width:200px;\" ><div class=\"crop\" style=\" width:200px; height:200px; overflow:hidden;\"><img decoding=\"async\" data-gg-real-image-href=\"http:\/\/mds.janjetmar.cz\/wp-content\/uploads\/2019\/04\/Oprava-mostu-v-km-47535-trati-T\u0159ebovice-v-\u010cech\u00e1ch-Prost\u011bjov-200x200.jpg\" src=\"https:\/\/www.mdsprojekt.cz\/wp-content\/plugins\/gallery-by-supsystic\/src\/GridGallery\/Galleries\/assets\/img\/loading.gif\" class=\"ggImg ggLazyImg\" alt=\"Oprava mostu v km 47,535 trati T\u0159ebovice v \u010cech\u00e1ch - Prost\u011bjov\" data-description=\"Oprava mostu v km 47,535 trati T\u0159ebovice v \u010cech\u00e1ch - Prost\u011bjov\" data-caption=\"Oprava mostu v km 47,535 trati T\u0159ebovice v \u010cech\u00e1ch - Prost\u011bjov\" data-title=\"Oprava mostu v km 47,535 trati T\u0159ebovice v \u010cech\u00e1ch - Prost\u011bjov\" style=\" width:200px; height:200px;\" \/><\/div><FIGCAPTION class=\"\" data-alpha=\"5\" style=\"color:#ffffff; background-color:#6f0000; font-size:12px; text-align:left; font-family:Verdana;\" ><div class=\"grid-gallery-figcaption-wrap\" style=\" vertical-align:top;\"><div class=\"gg-image-caption fitvidsignore\" style=\"font-size:12px;\"><object type=\"none\/none\">Oprava mostu v km 47,535 trati T\u0159ebovice v \u010cech\u00e1ch - Prost\u011bjov <\/object><\/div><\/div><\/FIGCAPTION><\/FIGURE><\/a><a id=\"gg-24-271\" class=\"gg-link \" data-attachment-id=\"1168\" href=\"https:\/\/www.mdsprojekt.cz\/wp-content\/uploads\/2022\/05\/Oprava-most-v-km-14764-trati-He\u0159man\u016fv-M\u011bstec-Moravany.jpg?gid=24\" target=\"_self\" data-rel=\"prettyPhoto[pp_gal]\" style=\"border-radius:0px;\" ><FIGURE class=\"grid-gallery-caption\" data-grid-gallery-type=\"revolving-door-left\" data-index=\"4\" style=\"display:none;border-radius:0px;; margin:20.3px; width:200px;\" ><div class=\"crop\" style=\" width:200px; height:200px; overflow:hidden;\"><img decoding=\"async\" data-gg-real-image-href=\"https:\/\/www.mdsprojekt.cz\/wp-content\/uploads\/2022\/05\/Oprava-most-v-km-14764-trati-He\u0159man\u016fv-M\u011bstec-Moravany-200x200.jpg\" src=\"https:\/\/www.mdsprojekt.cz\/wp-content\/plugins\/gallery-by-supsystic\/src\/GridGallery\/Galleries\/assets\/img\/loading.gif\" class=\"ggImg ggLazyImg\" alt=\"Oprava most v km 14,764 trati He\u0159man\u016fv M\u011bstec - Moravany\" data-description=\"Oprava most v km 14,764 trati He\u0159man\u016fv M\u011bstec - Moravany\" data-caption=\"Oprava most v km 14,764 trati He\u0159man\u016fv M\u011bstec - Moravany\" data-title=\"Oprava most v km 14,764 trati He\u0159man\u016fv M\u011bstec - Moravany\" style=\" width:200px; height:200px;\" \/><\/div><FIGCAPTION class=\"\" data-alpha=\"5\" style=\"color:#ffffff; background-color:#6f0000; font-size:12px; text-align:left; font-family:Verdana;\" ><div class=\"grid-gallery-figcaption-wrap\" style=\" vertical-align:top;\"><div class=\"gg-image-caption fitvidsignore\" style=\"font-size:12px;\"><object type=\"none\/none\">Oprava most v km 14,764 trati He\u0159man\u016fv M\u011bstec - Moravany <\/object><\/div><\/div><\/FIGCAPTION><\/FIGURE><\/a><a id=\"gg-24-273\" class=\"gg-link \" data-attachment-id=\"1170\" href=\"https:\/\/www.mdsprojekt.cz\/wp-content\/uploads\/2022\/05\/Oprava-mostu-v-km-6494-trati-Choce\u0148-Litomy\u0161l.jpg?gid=24\" target=\"_self\" data-rel=\"prettyPhoto[pp_gal]\" style=\"border-radius:0px;\" ><FIGURE class=\"grid-gallery-caption\" data-grid-gallery-type=\"revolving-door-left\" data-index=\"5\" style=\"display:none;border-radius:0px;; margin:20.3px; width:200px;\" ><div class=\"crop\" style=\" width:200px; height:200px; overflow:hidden;\"><img decoding=\"async\" data-gg-real-image-href=\"https:\/\/www.mdsprojekt.cz\/wp-content\/uploads\/2022\/05\/Oprava-mostu-v-km-6494-trati-Choce\u0148-Litomy\u0161l-200x200.jpg\" src=\"https:\/\/www.mdsprojekt.cz\/wp-content\/plugins\/gallery-by-supsystic\/src\/GridGallery\/Galleries\/assets\/img\/loading.gif\" class=\"ggImg ggLazyImg\" alt=\"Oprava mostu v km 6,494 trati Choce\u0148 - Litomy\u0161l\" data-description=\"Oprava mostu v km 6,494 trati Choce\u0148 - Litomy\u0161l\" data-caption=\"Oprava mostu v km 6,494 trati Choce\u0148 - Litomy\u0161l\" data-title=\"Oprava mostu v km 6,494 trati Choce\u0148 - Litomy\u0161l\" style=\" width:200px; height:200px;\" \/><\/div><FIGCAPTION class=\"\" data-alpha=\"5\" style=\"color:#ffffff; background-color:#6f0000; font-size:12px; text-align:left; font-family:Verdana;\" ><div class=\"grid-gallery-figcaption-wrap\" style=\" vertical-align:top;\"><div class=\"gg-image-caption fitvidsignore\" style=\"font-size:12px;\"><object type=\"none\/none\">Oprava mostu v km 6,494 trati Choce\u0148 - Litomy\u0161l <\/object><\/div><\/div><\/FIGCAPTION><\/FIGURE><\/a><a id=\"gg-24-274\" class=\"gg-link \" data-attachment-id=\"1171\" href=\"https:\/\/www.mdsprojekt.cz\/wp-content\/uploads\/2022\/05\/Oprava-mostu-v-km-37162-trati-T\u0159ebovice-Prost\u011bjov.jpg?gid=24\" target=\"_self\" data-rel=\"prettyPhoto[pp_gal]\" style=\"border-radius:0px;\" ><FIGURE class=\"grid-gallery-caption\" data-grid-gallery-type=\"revolving-door-left\" data-index=\"6\" style=\"display:none;border-radius:0px;; margin:20.3px; width:200px;\" ><div class=\"crop\" style=\" width:200px; height:200px; overflow:hidden;\"><img decoding=\"async\" data-gg-real-image-href=\"https:\/\/www.mdsprojekt.cz\/wp-content\/uploads\/2022\/05\/Oprava-mostu-v-km-37162-trati-T\u0159ebovice-Prost\u011bjov-200x200.jpg\" src=\"https:\/\/www.mdsprojekt.cz\/wp-content\/plugins\/gallery-by-supsystic\/src\/GridGallery\/Galleries\/assets\/img\/loading.gif\" class=\"ggImg ggLazyImg\" alt=\"Oprava mostu v km 37,162 trati T\u0159ebovice - Prost\u011bjov\" data-description=\"Oprava mostu v km 37,162 trati T\u0159ebovice - Prost\u011bjov\" data-caption=\"Oprava mostu v km 37,162 trati T\u0159ebovice - Prost\u011bjov\" data-title=\"Oprava mostu v km 37,162 trati T\u0159ebovice - Prost\u011bjov\" style=\" width:200px; height:200px;\" \/><\/div><FIGCAPTION class=\"\" data-alpha=\"5\" style=\"color:#ffffff; background-color:#6f0000; font-size:12px; text-align:left; font-family:Verdana;\" ><div class=\"grid-gallery-figcaption-wrap\" style=\" vertical-align:top;\"><div class=\"gg-image-caption fitvidsignore\" style=\"font-size:12px;\"><object type=\"none\/none\">Oprava mostu v km 37,162 trati T\u0159ebovice - Prost\u011bjov <\/object><\/div><\/div><\/FIGCAPTION><\/FIGURE><\/a><a id=\"gg-24-275\" class=\"gg-link \" data-attachment-id=\"1172\" href=\"https:\/\/www.mdsprojekt.cz\/wp-content\/uploads\/2022\/05\/Oprava-mostu-v-km-41574-trati-T\u0159ebovice-v-\u010cech\u00e1ch-Prost\u011bjov.jpg?gid=24\" target=\"_self\" data-rel=\"prettyPhoto[pp_gal]\" style=\"border-radius:0px;\" ><FIGURE class=\"grid-gallery-caption\" data-grid-gallery-type=\"revolving-door-left\" data-index=\"7\" style=\"display:none;border-radius:0px;; margin:20.3px; width:200px;\" ><div class=\"crop\" style=\" width:200px; height:200px; overflow:hidden;\"><img decoding=\"async\" data-gg-real-image-href=\"https:\/\/www.mdsprojekt.cz\/wp-content\/uploads\/2022\/05\/Oprava-mostu-v-km-41574-trati-T\u0159ebovice-v-\u010cech\u00e1ch-Prost\u011bjov-200x200.jpg\" src=\"https:\/\/www.mdsprojekt.cz\/wp-content\/plugins\/gallery-by-supsystic\/src\/GridGallery\/Galleries\/assets\/img\/loading.gif\" class=\"ggImg ggLazyImg\" alt=\"Oprava mostu v km 41,574 trati T\u0159ebovice v \u010cech\u00e1ch - Prost\u011bjov\" data-description=\"Oprava mostu v km 41,574 trati T\u0159ebovice v \u010cech\u00e1ch - Prost\u011bjov\" data-caption=\"Oprava mostu v km 41,574 trati T\u0159ebovice v \u010cech\u00e1ch - Prost\u011bjov\" data-title=\"Oprava mostu v km 41,574 trati T\u0159ebovice v \u010cech\u00e1ch - Prost\u011bjov\" style=\" width:200px; height:200px;\" \/><\/div><FIGCAPTION class=\"\" data-alpha=\"5\" style=\"color:#ffffff; background-color:#6f0000; font-size:12px; text-align:left; font-family:Verdana;\" ><div class=\"grid-gallery-figcaption-wrap\" style=\" vertical-align:top;\"><div class=\"gg-image-caption fitvidsignore\" style=\"font-size:12px;\"><object type=\"none\/none\">Oprava mostu v km 41,574 trati T\u0159ebovice v \u010cech\u00e1ch - Prost\u011bjov <\/object><\/div><\/div><\/FIGCAPTION><\/FIGURE><\/a><a id=\"gg-24-276\" class=\"gg-link \" data-attachment-id=\"1173\" href=\"https:\/\/www.mdsprojekt.cz\/wp-content\/uploads\/2022\/05\/Oprava-mostu-v-km-42737-trati-T\u0159ebovice-v-\u010cech\u00e1ch-Prost\u011bjov.jpg?gid=24\" target=\"_self\" data-rel=\"prettyPhoto[pp_gal]\" style=\"border-radius:0px;\" ><FIGURE class=\"grid-gallery-caption\" data-grid-gallery-type=\"revolving-door-left\" data-index=\"8\" style=\"display:none;border-radius:0px;; margin:20.3px; width:200px;\" ><div class=\"crop\" style=\" width:200px; height:200px; overflow:hidden;\"><img decoding=\"async\" data-gg-real-image-href=\"https:\/\/www.mdsprojekt.cz\/wp-content\/uploads\/2022\/05\/Oprava-mostu-v-km-42737-trati-T\u0159ebovice-v-\u010cech\u00e1ch-Prost\u011bjov-200x200.jpg\" src=\"https:\/\/www.mdsprojekt.cz\/wp-content\/plugins\/gallery-by-supsystic\/src\/GridGallery\/Galleries\/assets\/img\/loading.gif\" class=\"ggImg ggLazyImg\" alt=\"Oprava mostu v km 42,737 trati T\u0159ebovice v \u010cech\u00e1ch - Prost\u011bjov\" data-description=\"Oprava mostu v km 42,737 trati T\u0159ebovice v \u010cech\u00e1ch - Prost\u011bjov\" data-caption=\"Oprava mostu v km 42,737 trati T\u0159ebovice v \u010cech\u00e1ch - Prost\u011bjov\" data-title=\"Oprava mostu v km 42,737 trati T\u0159ebovice v \u010cech\u00e1ch - Prost\u011bjov\" style=\" width:200px; height:200px;\" \/><\/div><FIGCAPTION class=\"\" data-alpha=\"5\" style=\"color:#ffffff; background-color:#6f0000; font-size:12px; text-align:left; font-family:Verdana;\" ><div class=\"grid-gallery-figcaption-wrap\" style=\" vertical-align:top;\"><\/div><\/FIGCAPTION><\/FIGURE><\/a><a id=\"gg-24-277\" class=\"gg-link \" data-attachment-id=\"1174\" href=\"https:\/\/www.mdsprojekt.cz\/wp-content\/uploads\/2022\/05\/Oprava-mostu-v-km-45325-trati-T\u0159ebovice-v-\u010cech\u00e1ch-Prost\u011bjov.jpg?gid=24\" target=\"_self\" data-rel=\"prettyPhoto[pp_gal]\" style=\"border-radius:0px;\" ><FIGURE class=\"grid-gallery-caption\" data-grid-gallery-type=\"revolving-door-left\" data-index=\"9\" style=\"display:none;border-radius:0px;; margin:20.3px; width:200px;\" ><div class=\"crop\" style=\" width:200px; height:200px; overflow:hidden;\"><img decoding=\"async\" data-gg-real-image-href=\"https:\/\/www.mdsprojekt.cz\/wp-content\/uploads\/2022\/05\/Oprava-mostu-v-km-45325-trati-T\u0159ebovice-v-\u010cech\u00e1ch-Prost\u011bjov-200x200.jpg\" src=\"https:\/\/www.mdsprojekt.cz\/wp-content\/plugins\/gallery-by-supsystic\/src\/GridGallery\/Galleries\/assets\/img\/loading.gif\" class=\"ggImg ggLazyImg\" alt=\"Oprava mostu v km 45,325 trati T\u0159ebovice v \u010cech\u00e1ch - Prost\u011bjov\" data-description=\"Oprava mostu v km 45,325 trati T\u0159ebovice v \u010cech\u00e1ch - Prost\u011bjov\" data-caption=\"Oprava mostu v km 45,325 trati T\u0159ebovice v \u010cech\u00e1ch - Prost\u011bjov\" data-title=\"Oprava mostu v km 45,325 trati T\u0159ebovice v \u010cech\u00e1ch - Prost\u011bjov\" style=\" width:200px; height:200px;\" \/><\/div><FIGCAPTION class=\"\" data-alpha=\"5\" style=\"color:#ffffff; background-color:#6f0000; font-size:12px; text-align:left; font-family:Verdana;\" ><div class=\"grid-gallery-figcaption-wrap\" style=\" vertical-align:top;\"><div class=\"gg-image-caption fitvidsignore\" style=\"font-size:12px;\"><object type=\"none\/none\">Oprava mostu v km 45,325 trati T\u0159ebovice v \u010cech\u00e1ch - Prost\u011bjov <\/object><\/div><\/div><\/FIGCAPTION><\/FIGURE><\/a><a id=\"gg-24-278\" class=\"gg-link \" data-attachment-id=\"1175\" href=\"https:\/\/www.mdsprojekt.cz\/wp-content\/uploads\/2022\/05\/Oprava-mostu-v-km-47535-trati-T\u0159ebovice-v-\u010cech\u00e1ch-Prost\u011bjov.jpg?gid=24\" target=\"_self\" data-rel=\"prettyPhoto[pp_gal]\" style=\"border-radius:0px;\" ><FIGURE class=\"grid-gallery-caption\" data-grid-gallery-type=\"revolving-door-left\" data-index=\"10\" style=\"display:none;border-radius:0px;; margin:20.3px; width:200px;\" ><div class=\"crop\" style=\" width:200px; height:200px; overflow:hidden;\"><img decoding=\"async\" data-gg-real-image-href=\"https:\/\/www.mdsprojekt.cz\/wp-content\/uploads\/2022\/05\/Oprava-mostu-v-km-47535-trati-T\u0159ebovice-v-\u010cech\u00e1ch-Prost\u011bjov-200x200.jpg\" src=\"https:\/\/www.mdsprojekt.cz\/wp-content\/plugins\/gallery-by-supsystic\/src\/GridGallery\/Galleries\/assets\/img\/loading.gif\" class=\"ggImg ggLazyImg\" alt=\"Oprava mostu v km 47,535 trati T\u0159ebovice v \u010cech\u00e1ch - Prost\u011bjov\" data-description=\"Oprava mostu v km 47,535 trati T\u0159ebovice v \u010cech\u00e1ch - Prost\u011bjov\" data-caption=\"Oprava mostu v km 47,535 trati T\u0159ebovice v \u010cech\u00e1ch - Prost\u011bjov\" data-title=\"Oprava mostu v km 47,535 trati T\u0159ebovice v \u010cech\u00e1ch - Prost\u011bjov\" style=\" width:200px; height:200px;\" \/><\/div><FIGCAPTION class=\"\" data-alpha=\"5\" style=\"color:#ffffff; background-color:#6f0000; font-size:12px; text-align:left; font-family:Verdana;\" ><div class=\"grid-gallery-figcaption-wrap\" style=\" vertical-align:top;\"><div class=\"gg-image-caption fitvidsignore\" style=\"font-size:12px;\"><object type=\"none\/none\">Oprava mostu v km 47,535 trati T\u0159ebovice v \u010cech\u00e1ch - Prost\u011bjov <\/object><\/div><\/div><\/FIGCAPTION><\/FIGURE><\/a><a id=\"gg-24-279\" class=\"gg-link \" data-attachment-id=\"1176\" href=\"https:\/\/www.mdsprojekt.cz\/wp-content\/uploads\/2022\/05\/Oprava-mostu-v-km-51031-trati-T\u0159ebovice-v-\u010cech\u00e1ch-Prost\u011bjov.jpg?gid=24\" target=\"_self\" data-rel=\"prettyPhoto[pp_gal]\" style=\"border-radius:0px;\" ><FIGURE class=\"grid-gallery-caption\" data-grid-gallery-type=\"revolving-door-left\" data-index=\"11\" style=\"display:none;border-radius:0px;; margin:20.3px; width:200px;\" ><div class=\"crop\" style=\" width:200px; height:200px; overflow:hidden;\"><img decoding=\"async\" data-gg-real-image-href=\"https:\/\/www.mdsprojekt.cz\/wp-content\/uploads\/2022\/05\/Oprava-mostu-v-km-51031-trati-T\u0159ebovice-v-\u010cech\u00e1ch-Prost\u011bjov-200x200.jpg\" src=\"https:\/\/www.mdsprojekt.cz\/wp-content\/plugins\/gallery-by-supsystic\/src\/GridGallery\/Galleries\/assets\/img\/loading.gif\" class=\"ggImg ggLazyImg\" alt=\"Oprava mostu v km 51,031 trati T\u0159ebovice v \u010cech\u00e1ch - Prost\u011bjov\" data-description=\"Oprava mostu v km 51,031 trati T\u0159ebovice v \u010cech\u00e1ch - Prost\u011bjov\" data-caption=\"Oprava mostu v km 51,031 trati T\u0159ebovice v \u010cech\u00e1ch - Prost\u011bjov\" data-title=\"Oprava mostu v km 51,031 trati T\u0159ebovice v \u010cech\u00e1ch - Prost\u011bjov\" style=\" width:200px; height:200px;\" \/><\/div><FIGCAPTION class=\"\" data-alpha=\"5\" style=\"color:#ffffff; background-color:#6f0000; font-size:12px; text-align:left; font-family:Verdana;\" ><div class=\"grid-gallery-figcaption-wrap\" style=\" vertical-align:top;\"><div class=\"gg-image-caption fitvidsignore\" style=\"font-size:12px;\"><object type=\"none\/none\">Oprava mostu v km 51,031 trati T\u0159ebovice v \u010cech\u00e1ch - Prost\u011bjov <\/object><\/div><\/div><\/FIGCAPTION><\/FIGURE><\/a> <div class=\"grid-gallery-clearfix\"><\/div> <\/div> <div class=\"gallery-sharing-bottom\"><\/div> <div class=\"grid-gallery-clearfix\"><\/div> <\/div> <!-- Gallery by Supsystic plugin1.15.4 -->\n","protected":false},"excerpt":{"rendered":"","protected":false},"author":2,"featured_media":0,"parent":15,"menu_order":0,"comment_status":"closed","ping_status":"closed","template":"","meta":{"footnotes":""},"_links":{"self":[{"href":"https:\/\/www.mdsprojekt.cz\/index.php\/wp-json\/wp\/v2\/pages\/233"}],"collection":[{"href":"https:\/\/www.mdsprojekt.cz\/index.php\/wp-json\/wp\/v2\/pages"}],"about":[{"href":"https:\/\/www.mdsprojekt.cz\/index.php\/wp-json\/wp\/v2\/types\/page"}],"author":[{"embeddable":true,"href":"https:\/\/www.mdsprojekt.cz\/index.php\/wp-json\/wp\/v2\/users\/2"}],"replies":[{"embeddable":true,"href":"https:\/\/www.mdsprojekt.cz\/index.php\/wp-json\/wp\/v2\/comments?post=233"}],"version-history":[{"count":4,"href":"https:\/\/www.mdsprojekt.cz\/index.php\/wp-json\/wp\/v2\/pages\/233\/revisions"}],"predecessor-version":[{"id":921,"href":"https:\/\/www.mdsprojekt.cz\/index.php\/wp-json\/wp\/v2\/pages\/233\/revisions\/921"}],"up":[{"embeddable":true,"href":"https:\/\/www.mdsprojekt.cz\/index.php\/wp-json\/wp\/v2\/pages\/15"}],"wp:attachment":[{"href":"https:\/\/www.mdsprojekt.cz\/index.php\/wp-json\/wp\/v2\/media?parent=233"}],"curies":[{"name":"wp","href":"https:\/\/api.w.org\/{rel}","templated":true}]}}