{"id":235,"date":"2019-03-29T12:43:04","date_gmt":"2019-03-29T11:43:04","guid":{"rendered":"http:\/\/mds.janjetmar.cz\/?page_id=235"},"modified":"2019-12-11T07:57:21","modified_gmt":"2019-12-11T06:57:21","slug":"lavky-pro-pesi","status":"publish","type":"page","link":"https:\/\/www.mdsprojekt.cz\/index.php\/projekty\/lavky-pro-pesi\/","title":{"rendered":"L\u00c1VKY PRO P\u011a\u0160\u00cd"},"content":{"rendered":"\n<div id=\"grid-gallery-12-66234\" data-gg-id=\"12\" data-title=\"L\u00c1VKY PRO P\u011a\u0160\u00cd\" data-grid-type=\"0\" data-offset=\"20.3\" data-area-position=\"center\" data-icons=\"false\" data-preloader=\"true\" data-width=\"200\" data-height=\"200\" data-padding=\"0\" data-quicksand=\"disabled\" data-quicksand-duration=\"none\" data-popup-theme=\"theme_6\" data-popup-type=\"pretty-photo\" data-popup-image-text=\"data-description\" data-popup-widthsize=\"auto\" data-popup-heightsize=\"auto\" data-popup-i18n-words=\"{&quot;close&quot;:&quot;close&quot;,&quot;next&quot;:&quot;next&quot;,&quot;previous&quot;:&quot;previous&quot;,&quot;start_slideshow&quot;:&quot;start slideshow&quot;,&quot;stop_slideshow&quot;:&quot;stop slideshow&quot;,&quot;image&quot;:&quot;image&quot;,&quot;of&quot;:&quot;of&quot;,&quot;prev&quot;:&quot;prev&quot;,&quot;cExpand&quot;:&quot;Expand&quot;,&quot;cPrevious&quot;:&quot;Previous&quot;,&quot;cNext&quot;:&quot;Dal\\u0161\\u00ed&quot;,&quot;cExpandStr&quot;:&quot;Expand the image&quot;,&quot;cRotate&quot;:&quot;Rotate&quot;,&quot;cDetails&quot;:&quot;Details&quot;}\" data-popup-slideshow=\"false\" data-popup-slideshow-speed=\"2500\" data-popup-hoverstop=\"true\" data-popup-slideshow-auto=\"false\" data-popup-background=\"\" data-popup-transparency=\"30\" data-popup-disable-history=\"\" data-popup-disable-changed-url=\"\" data-popup-border-type=\"solid\" data-popup-border-color=\"\" data-popup-border-width=\"100\" data-popup-border-enable=\"\" data-fullscreen=\"false\" data-hide-tooltip=\"false\" data-caption-font-family=\"Verdana\" data-caption-text-size=\"12px\" data-is-mobile=\"0\" data-caption-mobile=\"false\" data-hide-long-tltp-title=\"0\" data-caption-disabled-on-mobile=\"false\" data-lazyload-enable='1' data-lazyload-effect=\"show\" data-lazyload-effect-duration=\"400\" data-popup-placement-type=\"0\" data-social-sharing=\"{&quot;enabled&quot;:&quot;&quot;,&quot;gallerySharing&quot;:{&quot;enabled&quot;:null,&quot;position&quot;:null},&quot;imageSharing&quot;:{&quot;enabled&quot;:null,&quot;wrapperClass&quot;:&quot; vertical &quot;},&quot;popupSharing&quot;:{&quot;enabled&quot;:null,&quot;wrapperClass&quot;:&quot; vertical &quot;}}\" class=\"grid-gallery grid-gallery-fixed \" style=\" width:100%; height:auto; margin-left:auto; margin-right:auto;position:relative;\"> <div class=\"gallery-loading\"> <div class=\"blocks\"> <div class=\"block\"><\/div> <div class=\"block\"><\/div> <div class=\"block\"><\/div> <div class=\"block\"><\/div> <\/div> <\/div> <div class=\"gallery-sharing-top\"><\/div> <div id=\"photos-12\" class=\"grid-gallery-photos\"><a id=\"gg-12-252\" class=\"gg-link \" data-attachment-id=\"1149\" href=\"https:\/\/www.mdsprojekt.cz\/wp-content\/uploads\/2022\/05\/Cyklistick\u00e1-a-v\u00edce\u00fa\u010delov\u00e1-komunikace-Letohrad-\u00dast\u00ed-nad-Orlic\u00ed.jpg?gid=12\" target=\"_self\" data-rel=\"prettyPhoto[pp_gal]\" style=\"border-radius:0px;\" ><FIGURE class=\"grid-gallery-caption\" data-grid-gallery-type=\"revolving-door-left\" data-index=\"0\" style=\"display:none;border-radius:0px;; margin:20.3px; width:200px;\" ><div class=\"crop\" style=\" width:200px; height:200px; overflow:hidden;\"><img decoding=\"async\" data-gg-real-image-href=\"https:\/\/www.mdsprojekt.cz\/wp-content\/uploads\/2022\/05\/Cyklistick\u00e1-a-v\u00edce\u00fa\u010delov\u00e1-komunikace-Letohrad-\u00dast\u00ed-nad-Orlic\u00ed-200x200.jpg\" src=\"https:\/\/www.mdsprojekt.cz\/wp-content\/plugins\/gallery-by-supsystic\/src\/GridGallery\/Galleries\/assets\/img\/loading.gif\" class=\"ggImg ggLazyImg\" alt=\"Cyklistick\u00e1 a v\u00edce\u00fa\u010delov\u00e1 komunikace Letohrad - \u00dast\u00ed nad Orlic\u00ed\" data-description=\"Cyklistick\u00e1 a v\u00edce\u00fa\u010delov\u00e1 komunikace Letohrad - \u00dast\u00ed nad Orlic\u00ed\" data-caption=\"Cyklistick\u00e1 a v\u00edce\u00fa\u010delov\u00e1 komunikace Letohrad - \u00dast\u00ed nad Orlic\u00ed\" data-title=\"Cyklistick\u00e1 a v\u00edce\u00fa\u010delov\u00e1 komunikace Letohrad - \u00dast\u00ed nad Orlic\u00ed\" style=\" width:200px; height:200px;\" \/><\/div><FIGCAPTION class=\"\" data-alpha=\"5\" style=\"color:#ffffff; background-color:#6f0000; font-size:12px; text-align:left; font-family:Verdana;\" ><div class=\"grid-gallery-figcaption-wrap\" style=\" vertical-align:top;\"><div class=\"gg-image-caption fitvidsignore\" style=\"font-size:12px;\"><object type=\"none\/none\">Cyklistick\u00e1 a v\u00edce\u00fa\u010delov\u00e1 komunikace Letohrad - \u00dast\u00ed nad Orlic\u00ed <\/object><\/div><\/div><\/FIGCAPTION><\/FIGURE><\/a><a id=\"gg-12-253\" class=\"gg-link \" data-attachment-id=\"1150\" href=\"https:\/\/www.mdsprojekt.cz\/wp-content\/uploads\/2022\/05\/Cyklostezka-\u010cestice-\u010castolovice-Kostelec-nad-Orlic\u00ed-SO-05-Most-p\u0159es-\u0159eku-B\u011bl\u00e1.jpg?gid=12\" target=\"_self\" data-rel=\"prettyPhoto[pp_gal]\" style=\"border-radius:0px;\" ><FIGURE class=\"grid-gallery-caption\" data-grid-gallery-type=\"revolving-door-left\" data-index=\"1\" style=\"display:none;border-radius:0px;; margin:20.3px; width:200px;\" ><div class=\"crop\" style=\" width:200px; height:200px; overflow:hidden;\"><img decoding=\"async\" data-gg-real-image-href=\"https:\/\/www.mdsprojekt.cz\/wp-content\/uploads\/2022\/05\/Cyklostezka-\u010cestice-\u010castolovice-Kostelec-nad-Orlic\u00ed-SO-05-Most-p\u0159es-\u0159eku-B\u011bl\u00e1-200x200.jpg\" src=\"https:\/\/www.mdsprojekt.cz\/wp-content\/plugins\/gallery-by-supsystic\/src\/GridGallery\/Galleries\/assets\/img\/loading.gif\" class=\"ggImg ggLazyImg\" alt=\"Cyklostezka \u010cestice - \u010castolovice - Kostelec nad Orlic\u00ed - SO 05- Most p\u0159es \u0159eku B\u011bl\u00e1\" data-description=\"Cyklostezka \u010cestice - \u010castolovice - Kostelec nad Orlic\u00ed - SO 05- Most p\u0159es \u0159eku B\u011bl\u00e1\" data-caption=\"Cyklostezka \u010cestice - \u010castolovice - Kostelec nad Orlic\u00ed - SO 05- Most p\u0159es \" data-title=\"Cyklostezka \u010cestice - \u010castolovice - Kostelec nad Orlic\u00ed - SO 05- Most p\u0159es \u0159eku B\u011bl\u00e1\" style=\" width:200px; height:200px;\" \/><\/div><FIGCAPTION class=\"\" data-alpha=\"5\" style=\"color:#ffffff; background-color:#6f0000; font-size:12px; text-align:left; font-family:Verdana;\" ><div class=\"grid-gallery-figcaption-wrap\" style=\" vertical-align:top;\"><div class=\"gg-image-caption fitvidsignore\" style=\"font-size:12px;\"><object type=\"none\/none\">Cyklostezka \u010cestice - \u010castolovice - Kostelec nad Orlic\u00ed - SO 05- Most p\u0159es <\/object><\/div><\/div><\/FIGCAPTION><\/FIGURE><\/a><a id=\"gg-12-254\" class=\"gg-link \" data-attachment-id=\"1151\" href=\"https:\/\/www.mdsprojekt.cz\/wp-content\/uploads\/2022\/05\/Fotbalov\u00fd-are\u00e1l-Vrchlab\u00ed-Vejsplachy-L\u00e1vka-pro-p\u011b\u0161\u00ed.jpg?gid=12\" target=\"_self\" data-rel=\"prettyPhoto[pp_gal]\" style=\"border-radius:0px;\" ><FIGURE class=\"grid-gallery-caption\" data-grid-gallery-type=\"revolving-door-left\" data-index=\"2\" style=\"display:none;border-radius:0px;; margin:20.3px; width:200px;\" ><div class=\"crop\" style=\" width:200px; height:200px; overflow:hidden;\"><img decoding=\"async\" data-gg-real-image-href=\"https:\/\/www.mdsprojekt.cz\/wp-content\/uploads\/2022\/05\/Fotbalov\u00fd-are\u00e1l-Vrchlab\u00ed-Vejsplachy-L\u00e1vka-pro-p\u011b\u0161\u00ed-200x200.jpg\" src=\"https:\/\/www.mdsprojekt.cz\/wp-content\/plugins\/gallery-by-supsystic\/src\/GridGallery\/Galleries\/assets\/img\/loading.gif\" class=\"ggImg ggLazyImg\" alt=\"Fotbalov\u00fd are\u00e1l Vrchlab\u00ed - Vejsplachy - L\u00e1vka pro p\u011b\u0161\u00ed\" data-description=\"Fotbalov\u00fd are\u00e1l Vrchlab\u00ed - Vejsplachy - L\u00e1vka pro p\u011b\u0161\u00ed\" data-caption=\"Fotbalov\u00fd are\u00e1l Vrchlab\u00ed - Vejsplachy - L\u00e1vka pro p\u011b\u0161\u00ed\" data-title=\"Fotbalov\u00fd are\u00e1l Vrchlab\u00ed - Vejsplachy - L\u00e1vka pro p\u011b\u0161\u00ed\" style=\" width:200px; height:200px;\" \/><\/div><FIGCAPTION class=\"\" data-alpha=\"5\" style=\"color:#ffffff; background-color:#6f0000; font-size:12px; text-align:left; font-family:Verdana;\" ><div class=\"grid-gallery-figcaption-wrap\" style=\" vertical-align:top;\"><div class=\"gg-image-caption fitvidsignore\" style=\"font-size:12px;\"><object type=\"none\/none\">Fotbalov\u00fd are\u00e1l Vrchlab\u00ed - Vejsplachy - L\u00e1vka pro p\u011b\u0161\u00ed <\/object><\/div><\/div><\/FIGCAPTION><\/FIGURE><\/a><a id=\"gg-12-255\" class=\"gg-link \" data-attachment-id=\"1152\" href=\"https:\/\/www.mdsprojekt.cz\/wp-content\/uploads\/2022\/05\/L\u00e1vka-p\u0159es-\u017eelezni\u010dn\u00ed-tra\u0165-Nov\u00e1-Paka.jpg?gid=12\" target=\"_self\" data-rel=\"prettyPhoto[pp_gal]\" style=\"border-radius:0px;\" ><FIGURE class=\"grid-gallery-caption\" data-grid-gallery-type=\"revolving-door-left\" data-index=\"3\" style=\"display:none;border-radius:0px;; margin:20.3px; width:200px;\" ><div class=\"crop\" style=\" width:200px; height:200px; overflow:hidden;\"><img decoding=\"async\" data-gg-real-image-href=\"https:\/\/www.mdsprojekt.cz\/wp-content\/uploads\/2022\/05\/L\u00e1vka-p\u0159es-\u017eelezni\u010dn\u00ed-tra\u0165-Nov\u00e1-Paka-200x200.jpg\" src=\"https:\/\/www.mdsprojekt.cz\/wp-content\/plugins\/gallery-by-supsystic\/src\/GridGallery\/Galleries\/assets\/img\/loading.gif\" class=\"ggImg ggLazyImg\" alt=\"L\u00e1vka p\u0159es \u017eelezni\u010dn\u00ed tra\u0165 - Nov\u00e1 Paka\" data-description=\"L\u00e1vka p\u0159es \u017eelezni\u010dn\u00ed tra\u0165 - Nov\u00e1 Paka\" data-caption=\"L\u00e1vka p\u0159es \u017eelezni\u010dn\u00ed tra\u0165 - Nov\u00e1 Paka\" data-title=\"L\u00e1vka p\u0159es \u017eelezni\u010dn\u00ed tra\u0165 - Nov\u00e1 Paka\" style=\" width:200px; height:200px;\" \/><\/div><FIGCAPTION class=\"\" data-alpha=\"5\" style=\"color:#ffffff; background-color:#6f0000; font-size:12px; text-align:left; font-family:Verdana;\" ><div class=\"grid-gallery-figcaption-wrap\" style=\" vertical-align:top;\"><div class=\"gg-image-caption fitvidsignore\" style=\"font-size:12px;\"><object type=\"none\/none\">L\u00e1vka p\u0159es \u017eelezni\u010dn\u00ed tra\u0165 - Nov\u00e1 Paka <\/object><\/div><\/div><\/FIGCAPTION><\/FIGURE><\/a><a id=\"gg-12-256\" class=\"gg-link \" data-attachment-id=\"1153\" href=\"https:\/\/www.mdsprojekt.cz\/wp-content\/uploads\/2022\/05\/L\u00e1vka-ulice-Jir\u00e1skova-Choce\u0148-SO-201.2.jpg?gid=12\" target=\"_self\" data-rel=\"prettyPhoto[pp_gal]\" style=\"border-radius:0px;\" ><FIGURE class=\"grid-gallery-caption\" data-grid-gallery-type=\"revolving-door-left\" data-index=\"4\" style=\"display:none;border-radius:0px;; margin:20.3px; width:200px;\" ><div class=\"crop\" style=\" width:200px; height:200px; overflow:hidden;\"><img decoding=\"async\" data-gg-real-image-href=\"https:\/\/www.mdsprojekt.cz\/wp-content\/uploads\/2022\/05\/L\u00e1vka-ulice-Jir\u00e1skova-Choce\u0148-SO-201.2-200x200.jpg\" src=\"https:\/\/www.mdsprojekt.cz\/wp-content\/plugins\/gallery-by-supsystic\/src\/GridGallery\/Galleries\/assets\/img\/loading.gif\" class=\"ggImg ggLazyImg\" alt=\"L\u00e1vka ulice Jir\u00e1skova - Choce\u0148 SO-201.2\" data-description=\"L\u00e1vka ulice Jir\u00e1skova - Choce\u0148 SO-201.2\" data-caption=\"L\u00e1vka ulice Jir\u00e1skova - Choce\u0148 SO-201.2\" data-title=\"L\u00e1vka ulice Jir\u00e1skova - Choce\u0148 SO-201.2\" style=\" width:200px; height:200px;\" \/><\/div><FIGCAPTION class=\"\" data-alpha=\"5\" style=\"color:#ffffff; background-color:#6f0000; font-size:12px; text-align:left; font-family:Verdana;\" ><div class=\"grid-gallery-figcaption-wrap\" style=\" vertical-align:top;\"><div class=\"gg-image-caption fitvidsignore\" style=\"font-size:12px;\"><object type=\"none\/none\">L\u00e1vka ulice Jir\u00e1skova - Choce\u0148 SO-201.2 <\/object><\/div><\/div><\/FIGCAPTION><\/FIGURE><\/a><a id=\"gg-12-257\" class=\"gg-link \" data-attachment-id=\"1154\" href=\"https:\/\/www.mdsprojekt.cz\/wp-content\/uploads\/2022\/05\/Obnova-l\u00e1vky-v-parku-St\u0159elnice-Chrudim-scaled.jpg?gid=12\" target=\"_self\" data-rel=\"prettyPhoto[pp_gal]\" style=\"border-radius:0px;\" ><FIGURE class=\"grid-gallery-caption\" data-grid-gallery-type=\"revolving-door-left\" data-index=\"5\" style=\"display:none;border-radius:0px;; margin:20.3px; width:200px;\" ><div class=\"crop\" style=\" width:200px; height:200px; overflow:hidden;\"><img decoding=\"async\" data-gg-real-image-href=\"https:\/\/www.mdsprojekt.cz\/wp-content\/uploads\/2022\/05\/Obnova-l\u00e1vky-v-parku-St\u0159elnice-Chrudim-scaled-200x200.jpg\" src=\"https:\/\/www.mdsprojekt.cz\/wp-content\/plugins\/gallery-by-supsystic\/src\/GridGallery\/Galleries\/assets\/img\/loading.gif\" class=\"ggImg ggLazyImg\" alt=\"Obnova l\u00e1vky v parku St\u0159elnice, Chrudim\" data-description=\"Obnova l\u00e1vky v parku St\u0159elnice, Chrudim\" data-caption=\"Obnova l\u00e1vky v parku St\u0159elnice, Chrudim\" data-title=\"Obnova l\u00e1vky v parku St\u0159elnice, Chrudim\" style=\" width:200px; height:200px;\" \/><\/div><FIGCAPTION class=\"\" data-alpha=\"5\" style=\"color:#ffffff; background-color:#6f0000; font-size:12px; text-align:left; font-family:Verdana;\" ><div class=\"grid-gallery-figcaption-wrap\" style=\" vertical-align:top;\"><div class=\"gg-image-caption fitvidsignore\" style=\"font-size:12px;\"><object type=\"none\/none\">Obnova l\u00e1vky v parku St\u0159elnice, Chrudim <\/object><\/div><\/div><\/FIGCAPTION><\/FIGURE><\/a><a id=\"gg-12-258\" class=\"gg-link \" data-attachment-id=\"1155\" href=\"https:\/\/www.mdsprojekt.cz\/wp-content\/uploads\/2022\/05\/P\u0159eveden\u00ed-p\u011b\u0161\u00edch-p\u0159es-z\u00e1vodn\u00ed-tra\u0165-Vysok\u00e9-M\u00fdto.jpg?gid=12\" target=\"_self\" data-rel=\"prettyPhoto[pp_gal]\" style=\"border-radius:0px;\" ><FIGURE class=\"grid-gallery-caption\" data-grid-gallery-type=\"revolving-door-left\" data-index=\"6\" style=\"display:none;border-radius:0px;; margin:20.3px; width:200px;\" ><div class=\"crop\" style=\" width:200px; height:200px; overflow:hidden;\"><img decoding=\"async\" data-gg-real-image-href=\"https:\/\/www.mdsprojekt.cz\/wp-content\/uploads\/2022\/05\/P\u0159eveden\u00ed-p\u011b\u0161\u00edch-p\u0159es-z\u00e1vodn\u00ed-tra\u0165-Vysok\u00e9-M\u00fdto-200x200.jpg\" src=\"https:\/\/www.mdsprojekt.cz\/wp-content\/plugins\/gallery-by-supsystic\/src\/GridGallery\/Galleries\/assets\/img\/loading.gif\" class=\"ggImg ggLazyImg\" alt=\"P\u0159eveden\u00ed p\u011b\u0161\u00edch p\u0159es z\u00e1vodn\u00ed tra\u0165 - Vysok\u00e9 M\u00fdto\" data-description=\"P\u0159eveden\u00ed p\u011b\u0161\u00edch p\u0159es z\u00e1vodn\u00ed tra\u0165 - Vysok\u00e9 M\u00fdto\" data-caption=\"P\u0159eveden\u00ed p\u011b\u0161\u00edch p\u0159es z\u00e1vodn\u00ed tra\u0165 - Vysok\u00e9 M\u00fdto\" data-title=\"P\u0159eveden\u00ed p\u011b\u0161\u00edch p\u0159es z\u00e1vodn\u00ed tra\u0165 - Vysok\u00e9 M\u00fdto\" style=\" width:200px; height:200px;\" \/><\/div><FIGCAPTION class=\"\" data-alpha=\"5\" style=\"color:#ffffff; background-color:#6f0000; font-size:12px; text-align:left; font-family:Verdana;\" ><div class=\"grid-gallery-figcaption-wrap\" style=\" vertical-align:top;\"><div class=\"gg-image-caption fitvidsignore\" style=\"font-size:12px;\"><object type=\"none\/none\">P\u0159eveden\u00ed p\u011b\u0161\u00edch p\u0159es z\u00e1vodn\u00ed tra\u0165 - Vysok\u00e9 M\u00fdto <\/object><\/div><\/div><\/FIGCAPTION><\/FIGURE><\/a> <div class=\"grid-gallery-clearfix\"><\/div> <\/div> <div class=\"gallery-sharing-bottom\"><\/div> <div class=\"grid-gallery-clearfix\"><\/div> <\/div> <!-- Gallery by Supsystic plugin1.15.4 -->\n","protected":false},"excerpt":{"rendered":"","protected":false},"author":2,"featured_media":0,"parent":15,"menu_order":0,"comment_status":"closed","ping_status":"closed","template":"","meta":{"footnotes":""},"_links":{"self":[{"href":"https:\/\/www.mdsprojekt.cz\/index.php\/wp-json\/wp\/v2\/pages\/235"}],"collection":[{"href":"https:\/\/www.mdsprojekt.cz\/index.php\/wp-json\/wp\/v2\/pages"}],"about":[{"href":"https:\/\/www.mdsprojekt.cz\/index.php\/wp-json\/wp\/v2\/types\/page"}],"author":[{"embeddable":true,"href":"https:\/\/www.mdsprojekt.cz\/index.php\/wp-json\/wp\/v2\/users\/2"}],"replies":[{"embeddable":true,"href":"https:\/\/www.mdsprojekt.cz\/index.php\/wp-json\/wp\/v2\/comments?post=235"}],"version-history":[{"count":5,"href":"https:\/\/www.mdsprojekt.cz\/index.php\/wp-json\/wp\/v2\/pages\/235\/revisions"}],"predecessor-version":[{"id":924,"href":"https:\/\/www.mdsprojekt.cz\/index.php\/wp-json\/wp\/v2\/pages\/235\/revisions\/924"}],"up":[{"embeddable":true,"href":"https:\/\/www.mdsprojekt.cz\/index.php\/wp-json\/wp\/v2\/pages\/15"}],"wp:attachment":[{"href":"https:\/\/www.mdsprojekt.cz\/index.php\/wp-json\/wp\/v2\/media?parent=235"}],"curies":[{"name":"wp","href":"https:\/\/api.w.org\/{rel}","templated":true}]}}