{"id":248,"date":"2019-03-29T12:44:48","date_gmt":"2019-03-29T11:44:48","guid":{"rendered":"http:\/\/mds.janjetmar.cz\/?page_id=248"},"modified":"2019-12-11T07:52:37","modified_gmt":"2019-12-11T06:52:37","slug":"studie-2","status":"publish","type":"page","link":"https:\/\/www.mdsprojekt.cz\/index.php\/projekty\/studie-2\/","title":{"rendered":"STUDIE"},"content":{"rendered":"<div id=\"grid-gallery-17-85291\" data-gg-id=\"17\" data-title=\"studie\" data-grid-type=\"0\" data-offset=\"20.3\" data-area-position=\"center\" data-icons=\"false\" data-preloader=\"true\" data-width=\"200\" data-height=\"200\" data-padding=\"0\" data-quicksand=\"disabled\" data-quicksand-duration=\"none\" data-popup-theme=\"theme_6\" data-popup-type=\"pretty-photo\" data-popup-image-text=\"data-description\" data-popup-widthsize=\"auto\" data-popup-heightsize=\"auto\" data-popup-i18n-words=\"{&quot;close&quot;:&quot;close&quot;,&quot;next&quot;:&quot;next&quot;,&quot;previous&quot;:&quot;previous&quot;,&quot;start_slideshow&quot;:&quot;start slideshow&quot;,&quot;stop_slideshow&quot;:&quot;stop slideshow&quot;,&quot;image&quot;:&quot;image&quot;,&quot;of&quot;:&quot;of&quot;,&quot;prev&quot;:&quot;prev&quot;,&quot;cExpand&quot;:&quot;Expand&quot;,&quot;cPrevious&quot;:&quot;Previous&quot;,&quot;cNext&quot;:&quot;Dal\\u0161\\u00ed&quot;,&quot;cExpandStr&quot;:&quot;Expand the image&quot;,&quot;cRotate&quot;:&quot;Rotate&quot;,&quot;cDetails&quot;:&quot;Details&quot;}\" data-popup-slideshow=\"false\" data-popup-slideshow-speed=\"2500\" data-popup-hoverstop=\"true\" data-popup-slideshow-auto=\"false\" data-popup-background=\"\" data-popup-transparency=\"30\" data-popup-disable-history=\"\" data-popup-disable-changed-url=\"\" data-popup-border-type=\"solid\" data-popup-border-color=\"\" data-popup-border-width=\"100\" data-popup-border-enable=\"\" data-fullscreen=\"false\" data-hide-tooltip=\"false\" data-caption-font-family=\"Verdana\" data-caption-text-size=\"12px\" data-is-mobile=\"0\" data-caption-mobile=\"false\" data-hide-long-tltp-title=\"0\" data-caption-disabled-on-mobile=\"false\" data-lazyload-enable='1' data-lazyload-effect=\"show\" data-lazyload-effect-duration=\"400\" data-popup-placement-type=\"0\" data-social-sharing=\"{&quot;enabled&quot;:&quot;&quot;,&quot;gallerySharing&quot;:{&quot;enabled&quot;:null,&quot;position&quot;:null},&quot;imageSharing&quot;:{&quot;enabled&quot;:null,&quot;wrapperClass&quot;:&quot; vertical &quot;},&quot;popupSharing&quot;:{&quot;enabled&quot;:null,&quot;wrapperClass&quot;:&quot; vertical &quot;}}\" class=\"grid-gallery grid-gallery-fixed \" style=\" width:100%; height:auto; margin-left:auto; margin-right:auto;position:relative;\"> <div class=\"gallery-loading\"> <div class=\"blocks\"> <div class=\"block\"><\/div> <div class=\"block\"><\/div> <div class=\"block\"><\/div> <div class=\"block\"><\/div> <\/div> <\/div> <div class=\"gallery-sharing-top\"><\/div> <div id=\"photos-17\" class=\"grid-gallery-photos\"><a id=\"gg-17-159\" class=\"gg-link \" data-attachment-id=\"700\" href=\"https:\/\/www.mdsprojekt.cz\/wp-content\/uploads\/2019\/11\/REC_prezetance_2019-05-17-27.jpg?gid=17\" target=\"_self\" data-rel=\"prettyPhoto[pp_gal]\" style=\"border-radius:0px;\" ><FIGURE class=\"grid-gallery-caption\" data-grid-gallery-type=\"revolving-door-left\" data-index=\"0\" style=\"display:none;border-radius:0px;; margin:20.3px; width:200px;\" ><div class=\"crop\" style=\" width:200px; height:200px; overflow:hidden;\"><img decoding=\"async\" data-gg-real-image-href=\"https:\/\/www.mdsprojekt.cz\/wp-content\/uploads\/2019\/11\/REC_prezetance_2019-05-17-27-200x200.jpg\" src=\"https:\/\/www.mdsprojekt.cz\/wp-content\/plugins\/gallery-by-supsystic\/src\/GridGallery\/Galleries\/assets\/img\/loading.gif\" class=\"ggImg ggLazyImg\" alt=\"Most ev. \u010d. 3227-3 \u0158e\u010dany nad Labemstudie proveditelnosti\" data-description=\"REC_prezetance_2019-05-17-27\" data-caption=\"Most ev. \u010d. 3227-3 \u0158e\u010dany nad Labem studie proveditelnosti\" data-title=\"REC_prezetance_2019-05-17-27\" style=\" width:200px; height:200px;\" \/><\/div><FIGCAPTION class=\"\" data-alpha=\"5\" style=\"color:#ffffff; background-color:#6f0000; font-size:12px; text-align:left; font-family:Verdana;\" ><div class=\"grid-gallery-figcaption-wrap\" style=\" vertical-align:top;\"><div class=\"gg-image-caption fitvidsignore\" style=\"font-size:12px;\"><object type=\"none\/none\">Most ev. \u010d. 3227-3 \u0158e\u010dany nad Labem studie proveditelnosti <\/object><\/div><\/div><\/FIGCAPTION><\/FIGURE><\/a><a id=\"gg-17-155\" class=\"gg-link \" data-attachment-id=\"692\" href=\"https:\/\/www.mdsprojekt.cz\/wp-content\/uploads\/2019\/11\/I-35-Hradec-Kr\u00e1lov\u00e9-most-ev.-\u010d.-35-077-studie-proveditelnosti.jpg?gid=17\" target=\"_self\" data-rel=\"prettyPhoto[pp_gal]\" style=\"border-radius:0px;\" ><FIGURE class=\"grid-gallery-caption\" data-grid-gallery-type=\"revolving-door-left\" data-index=\"1\" style=\"display:none;border-radius:0px;; margin:20.3px; width:200px;\" ><div class=\"crop\" style=\" width:200px; height:200px; overflow:hidden;\"><img decoding=\"async\" data-gg-real-image-href=\"https:\/\/www.mdsprojekt.cz\/wp-content\/uploads\/2019\/11\/I-35-Hradec-Kr\u00e1lov\u00e9-most-ev.-\u010d.-35-077-studie-proveditelnosti-200x200.jpg\" src=\"https:\/\/www.mdsprojekt.cz\/wp-content\/plugins\/gallery-by-supsystic\/src\/GridGallery\/Galleries\/assets\/img\/loading.gif\" class=\"ggImg ggLazyImg\" alt=\"I-35 Hradec Kr\u00e1lov\u00e9, most ev. \u010d. 35-077 - studie proveditelnosti\" data-description=\"I-35 Hradec Kr\u00e1lov\u00e9, most ev. \u010d. 35-077 - studie proveditelnosti\" data-caption=\"I\/35 Hradec Kr\u00e1lov\u00e9, most ev. \u010d. 35-077 studie proveditelnosti\" data-title=\"I-35 Hradec Kr\u00e1lov\u00e9, most ev. \u010d. 35-077 - studie proveditelnosti\" style=\" width:200px; height:200px;\" \/><\/div><FIGCAPTION class=\"\" data-alpha=\"5\" style=\"color:#ffffff; background-color:#6f0000; font-size:12px; text-align:left; font-family:Verdana;\" ><div class=\"grid-gallery-figcaption-wrap\" style=\" vertical-align:top;\"><div class=\"gg-image-caption fitvidsignore\" style=\"font-size:12px;\"><object type=\"none\/none\">I\/35 Hradec Kr\u00e1lov\u00e9, most ev. \u010d. 35-077 studie proveditelnosti <\/object><\/div><\/div><\/FIGCAPTION><\/FIGURE><\/a><a id=\"gg-17-158\" class=\"gg-link \" data-attachment-id=\"696\" href=\"https:\/\/www.mdsprojekt.cz\/wp-content\/uploads\/2019\/11\/studie-\u0159e\u0161en\u00ed-k\u0159i\u017eovatek-I-35-Vysok\u00e9-M\u00fdto-pr\u016ftah-1.jpg?gid=17\" target=\"_self\" data-rel=\"prettyPhoto[pp_gal]\" style=\"border-radius:0px;\" ><FIGURE class=\"grid-gallery-caption\" data-grid-gallery-type=\"revolving-door-left\" data-index=\"2\" style=\"display:none;border-radius:0px;; margin:20.3px; width:200px;\" ><div class=\"crop\" style=\" width:200px; height:200px; overflow:hidden;\"><img decoding=\"async\" data-gg-real-image-href=\"https:\/\/www.mdsprojekt.cz\/wp-content\/uploads\/2019\/11\/studie-\u0159e\u0161en\u00ed-k\u0159i\u017eovatek-I-35-Vysok\u00e9-M\u00fdto-pr\u016ftah-1-200x200.jpg\" src=\"https:\/\/www.mdsprojekt.cz\/wp-content\/plugins\/gallery-by-supsystic\/src\/GridGallery\/Galleries\/assets\/img\/loading.gif\" class=\"ggImg ggLazyImg\" alt=\"studie \u0159e\u0161en\u00ed k\u0159i\u017eovatek I-35 Vysok\u00e9 M\u00fdto - pr\u016ftah\" data-description=\"studie \u0159e\u0161en\u00ed k\u0159i\u017eovatek I-35 Vysok\u00e9 M\u00fdto - pr\u016ftah\" data-caption=\"studie \u0159e\u0161en\u00ed k\u0159i\u017eovatek I\/35 Vysok\u00e9 M\u00fdto - pr\u016ftah\" data-title=\"studie \u0159e\u0161en\u00ed k\u0159i\u017eovatek I-35 Vysok\u00e9 M\u00fdto - pr\u016ftah\" style=\" width:200px; height:200px;\" \/><\/div><FIGCAPTION class=\"\" data-alpha=\"5\" style=\"color:#ffffff; background-color:#6f0000; font-size:12px; text-align:left; font-family:Verdana;\" ><div class=\"grid-gallery-figcaption-wrap\" style=\" vertical-align:top;\"><div class=\"gg-image-caption fitvidsignore\" style=\"font-size:12px;\"><object type=\"none\/none\">studie \u0159e\u0161en\u00ed k\u0159i\u017eovatek I\/35 Vysok\u00e9 M\u00fdto - pr\u016ftah <\/object><\/div><\/div><\/FIGCAPTION><\/FIGURE><\/a><a id=\"gg-17-157\" class=\"gg-link \" data-attachment-id=\"694\" href=\"https:\/\/www.mdsprojekt.cz\/wp-content\/uploads\/2019\/11\/studie-proveditelnosti-opravy-mostu-M401-p\u0159es-vle\u010dku-Pardubi\u010dky.jpg?gid=17\" target=\"_self\" data-rel=\"prettyPhoto[pp_gal]\" style=\"border-radius:0px;\" ><FIGURE class=\"grid-gallery-caption\" data-grid-gallery-type=\"revolving-door-left\" data-index=\"3\" style=\"display:none;border-radius:0px;; margin:20.3px; width:200px;\" ><div class=\"crop\" style=\" width:200px; height:200px; overflow:hidden;\"><img decoding=\"async\" data-gg-real-image-href=\"https:\/\/www.mdsprojekt.cz\/wp-content\/uploads\/2019\/11\/studie-proveditelnosti-opravy-mostu-M401-p\u0159es-vle\u010dku-Pardubi\u010dky-200x200.jpg\" src=\"https:\/\/www.mdsprojekt.cz\/wp-content\/plugins\/gallery-by-supsystic\/src\/GridGallery\/Galleries\/assets\/img\/loading.gif\" class=\"ggImg ggLazyImg\" alt=\"studie proveditelnosti opravy mostu M401 p\u0159es vle\u010dku Pardubi\u010dky\" data-description=\"studie proveditelnosti opravy mostu M401 p\u0159es vle\u010dku Pardubi\u010dky\" data-caption=\"oprava mostu M401 p\u0159es vle\u010dku Pardubi\u010dky studie proveditelnosti \" data-title=\"studie proveditelnosti opravy mostu M401 p\u0159es vle\u010dku Pardubi\u010dky\" style=\" width:200px; height:200px;\" \/><\/div><FIGCAPTION class=\"\" data-alpha=\"5\" style=\"color:#ffffff; background-color:#6f0000; font-size:12px; text-align:left; font-family:Verdana;\" ><div class=\"grid-gallery-figcaption-wrap\" style=\" vertical-align:top;\"><div class=\"gg-image-caption fitvidsignore\" style=\"font-size:12px;\"><object type=\"none\/none\">oprava mostu M401 p\u0159es vle\u010dku Pardubi\u010dky studie proveditelnosti <\/object><\/div><\/div><\/FIGCAPTION><\/FIGURE><\/a> <div class=\"grid-gallery-clearfix\"><\/div> <\/div> <div class=\"gallery-sharing-bottom\"><\/div> <div class=\"grid-gallery-clearfix\"><\/div> <\/div> <!-- Gallery by Supsystic plugin1.15.4 -->\n","protected":false},"excerpt":{"rendered":"","protected":false},"author":2,"featured_media":0,"parent":15,"menu_order":0,"comment_status":"closed","ping_status":"closed","template":"","meta":{"footnotes":""},"_links":{"self":[{"href":"https:\/\/www.mdsprojekt.cz\/index.php\/wp-json\/wp\/v2\/pages\/248"}],"collection":[{"href":"https:\/\/www.mdsprojekt.cz\/index.php\/wp-json\/wp\/v2\/pages"}],"about":[{"href":"https:\/\/www.mdsprojekt.cz\/index.php\/wp-json\/wp\/v2\/types\/page"}],"author":[{"embeddable":true,"href":"https:\/\/www.mdsprojekt.cz\/index.php\/wp-json\/wp\/v2\/users\/2"}],"replies":[{"embeddable":true,"href":"https:\/\/www.mdsprojekt.cz\/index.php\/wp-json\/wp\/v2\/comments?post=248"}],"version-history":[{"count":3,"href":"https:\/\/www.mdsprojekt.cz\/index.php\/wp-json\/wp\/v2\/pages\/248\/revisions"}],"predecessor-version":[{"id":699,"href":"https:\/\/www.mdsprojekt.cz\/index.php\/wp-json\/wp\/v2\/pages\/248\/revisions\/699"}],"up":[{"embeddable":true,"href":"https:\/\/www.mdsprojekt.cz\/index.php\/wp-json\/wp\/v2\/pages\/15"}],"wp:attachment":[{"href":"https:\/\/www.mdsprojekt.cz\/index.php\/wp-json\/wp\/v2\/media?parent=248"}],"curies":[{"name":"wp","href":"https:\/\/api.w.org\/{rel}","templated":true}]}}