{"id":292,"date":"2019-03-29T16:39:38","date_gmt":"2019-03-29T15:39:38","guid":{"rendered":"http:\/\/mds.janjetmar.cz\/?page_id=292"},"modified":"2022-05-16T13:48:06","modified_gmt":"2022-05-16T11:48:06","slug":"hlavni-mostni-prohlidky","status":"publish","type":"page","link":"https:\/\/www.mdsprojekt.cz\/index.php\/hlavni-mostni-prohlidky\/","title":{"rendered":"MOSTN\u00cd PROHL\u00cdDKY A PR\u016eZKUMY A MONITORING"},"content":{"rendered":"\n<h5 class=\"has-text-color wp-block-heading\" style=\"color:#56585a\"><strong>zaji\u0161\u0165ujeme:     <\/strong>                                                                                                                     <\/h5>\n\n\n\n<p>  &#8211; hlavn\u00ed mostn\u00ed prohl\u00eddky <br>  &#8211; mimo\u0159\u00e1dn\u00e9 mostn\u00ed prohl\u00eddky <br>  &#8211; b\u011b\u017en\u00e9 mostn\u00ed prohl\u00eddky<br>  &#8211; 1.&nbsp;hlavn\u00ed mostn\u00ed prohl\u00eddku<br>  &#8211; vypracov\u00e1n\u00ed mostn\u00edho listu, v\u010detn\u011b vlo\u017een\u00ed do elektronick\u00e9ho syst\u00e9mu mostar.cz nebo BMS a to na mostech projektovan\u00fd nejen u n\u00e1s, ale i na ostatn\u00edch mostn\u00edch objektech a konstrukc\u00edch<br>&#8211; diagnostick\u00e9 pr\u016fzkumy <br>&#8211; zat\u011b\u017eovac\u00ed zkou\u0161ky<br>&#8211; monitoring &#8211; pernamentn\u00ed sledov\u00e1n\u00ed mostn\u00edch konstrukc\u00ed<\/p>\n\n\n\n<figure class=\"wp-block-embed-youtube alignleft wp-block-embed is-type-video is-provider-youtube wp-embed-aspect-16-9 wp-has-aspect-ratio\"><div class=\"wp-block-embed__wrapper\">\n<div class=\"tg-oembed-container\"><iframe loading=\"lazy\" title=\"DIAGNOSTIKA MOSTU\" width=\"812\" height=\"457\" src=\"https:\/\/www.youtube.com\/embed\/VvpVQK5CHRs?feature=oembed\" frameborder=\"0\" allow=\"accelerometer; autoplay; clipboard-write; encrypted-media; gyroscope; picture-in-picture\" allowfullscreen><\/iframe><\/div>\n<\/div><\/figure>\n\n\n\n<figure class=\"wp-block-embed-youtube alignleft wp-block-embed is-type-video is-provider-youtube wp-embed-aspect-16-9 wp-has-aspect-ratio\"><div class=\"wp-block-embed__wrapper\">\n<div class=\"tg-oembed-container\"><iframe loading=\"lazy\" title=\"DIAGNOSTIKA MOSTU\" width=\"812\" height=\"457\" src=\"https:\/\/www.youtube.com\/embed\/BhZoQ5AGJ2U?feature=oembed\" frameborder=\"0\" allow=\"accelerometer; autoplay; clipboard-write; encrypted-media; gyroscope; picture-in-picture\" allowfullscreen><\/iframe><\/div>\n<\/div><\/figure>\n\n\n\n<div class=\"wp-block-group\"><div class=\"wp-block-group__inner-container is-layout-flow wp-block-group-is-layout-flow\">\n<div class=\"wp-block-group\"><div class=\"wp-block-group__inner-container is-layout-flow wp-block-group-is-layout-flow\">\n<div class=\"wp-block-group\"><div class=\"wp-block-group__inner-container is-layout-flow wp-block-group-is-layout-flow\">\n<figure class=\"wp-block-embed-youtube alignleft wp-block-embed is-type-video is-provider-youtube wp-embed-aspect-16-9 wp-has-aspect-ratio\"><div class=\"wp-block-embed__wrapper\">\n<div class=\"tg-oembed-container\"><iframe loading=\"lazy\" title=\"DIAGNOSTIKA MOSTU\" width=\"812\" height=\"457\" src=\"https:\/\/www.youtube.com\/embed\/rBJhSiPxwjA?feature=oembed\" frameborder=\"0\" allow=\"accelerometer; autoplay; clipboard-write; encrypted-media; gyroscope; picture-in-picture\" allowfullscreen><\/iframe><\/div>\n<\/div><\/figure>\n<\/div><\/div>\n<\/div><\/div>\n<\/div><\/div>\n","protected":false},"excerpt":{"rendered":"<p>zaji\u0161\u0165ujeme: &#8211; hlavn\u00ed mostn\u00ed prohl\u00eddky &#8211; mimo\u0159\u00e1dn\u00e9 mostn\u00ed prohl\u00eddky &#8211; b\u011b\u017en\u00e9 mostn\u00ed prohl\u00eddky &#8211; 1.&nbsp;hlavn\u00ed mostn\u00ed prohl\u00eddku &#8211; vypracov\u00e1n\u00ed mostn\u00edho listu, v\u010detn\u011b vlo\u017een\u00ed do elektronick\u00e9ho syst\u00e9mu mostar.cz nebo BMS a to na mostech projektovan\u00fd nejen u n\u00e1s, ale i na ostatn\u00edch mostn\u00edch objektech a konstrukc\u00edch&#8211; diagnostick\u00e9 pr\u016fzkumy &#8211; zat\u011b\u017eovac\u00ed zkou\u0161ky&#8211; monitoring &#8211; pernamentn\u00ed sledov\u00e1n\u00ed mostn\u00edch [&hellip;]<\/p>\n","protected":false},"author":2,"featured_media":0,"parent":0,"menu_order":0,"comment_status":"closed","ping_status":"closed","template":"","meta":{"footnotes":""},"_links":{"self":[{"href":"https:\/\/www.mdsprojekt.cz\/index.php\/wp-json\/wp\/v2\/pages\/292"}],"collection":[{"href":"https:\/\/www.mdsprojekt.cz\/index.php\/wp-json\/wp\/v2\/pages"}],"about":[{"href":"https:\/\/www.mdsprojekt.cz\/index.php\/wp-json\/wp\/v2\/types\/page"}],"author":[{"embeddable":true,"href":"https:\/\/www.mdsprojekt.cz\/index.php\/wp-json\/wp\/v2\/users\/2"}],"replies":[{"embeddable":true,"href":"https:\/\/www.mdsprojekt.cz\/index.php\/wp-json\/wp\/v2\/comments?post=292"}],"version-history":[{"count":33,"href":"https:\/\/www.mdsprojekt.cz\/index.php\/wp-json\/wp\/v2\/pages\/292\/revisions"}],"predecessor-version":[{"id":1188,"href":"https:\/\/www.mdsprojekt.cz\/index.php\/wp-json\/wp\/v2\/pages\/292\/revisions\/1188"}],"wp:attachment":[{"href":"https:\/\/www.mdsprojekt.cz\/index.php\/wp-json\/wp\/v2\/media?parent=292"}],"curies":[{"name":"wp","href":"https:\/\/api.w.org\/{rel}","templated":true}]}}