{"id":49,"date":"2019-03-18T17:13:51","date_gmt":"2019-03-18T16:13:51","guid":{"rendered":"http:\/\/mds.janjetmar.cz\/?page_id=49"},"modified":"2026-03-17T12:34:50","modified_gmt":"2026-03-17T11:34:50","slug":"49-2","status":"publish","type":"page","link":"https:\/\/www.mdsprojekt.cz\/","title":{"rendered":""},"content":{"rendered":"\n<h3 class=\"wp-block-heading has-text-color\" style=\"color:#56585a\"><strong>Mostn\u00ed konstrukce,  l\u00e1vky pro p\u011b\u0161\u00ed a cyklisty, mostn\u00ed provizoria, <\/strong> <br><strong>pozemn\u00ed komunikace v\u0161ech kategori\u00ed, cyklostezky, chodn\u00edky,<\/strong> <br><strong>konstrukce pozemn\u00edch staveb, in\u017een\u00fdrsk\u00e9 konstrukce, konstrukce vodn\u00edch d\u011bl<\/strong><br><strong> <\/strong>  <\/h3>\n\n\n\n<h3 class=\"wp-block-heading has-text-color\" style=\"color:#56585a\"><strong>&#8230; zajist\u00edme v\u0161e od n\u00e1vrhu a\u017e po realiza\u010dn\u00ed dokumentaci,<\/strong> <br><strong>v\u010detn\u011b kontrol po dobu \u017eivotnosti<\/strong>    <\/h3>\n\n\n\n<p><\/p>\n\n\n\n<p class=\"has-medium-font-size\" style=\"line-height:0\"><strong> <\/strong><\/p>\n\n\n\n<p class=\"has-medium-font-size\" style=\"line-height:0\"><strong>   <\/strong><\/p>\n","protected":false},"excerpt":{"rendered":"<p>projektujeme mostn\u00ed konstrukce a dopravn\u00ed stavby<br \/>\nklademe d\u016fraz na technickou kvalitu a vysp\u011blost dan\u00fdch \u0159e\u0161en\u00ed <\/p>\n","protected":false},"author":2,"featured_media":0,"parent":0,"menu_order":1,"comment_status":"closed","ping_status":"closed","template":"","meta":{"footnotes":""},"_links":{"self":[{"href":"https:\/\/www.mdsprojekt.cz\/index.php\/wp-json\/wp\/v2\/pages\/49"}],"collection":[{"href":"https:\/\/www.mdsprojekt.cz\/index.php\/wp-json\/wp\/v2\/pages"}],"about":[{"href":"https:\/\/www.mdsprojekt.cz\/index.php\/wp-json\/wp\/v2\/types\/page"}],"author":[{"embeddable":true,"href":"https:\/\/www.mdsprojekt.cz\/index.php\/wp-json\/wp\/v2\/users\/2"}],"replies":[{"embeddable":true,"href":"https:\/\/www.mdsprojekt.cz\/index.php\/wp-json\/wp\/v2\/comments?post=49"}],"version-history":[{"count":62,"href":"https:\/\/www.mdsprojekt.cz\/index.php\/wp-json\/wp\/v2\/pages\/49\/revisions"}],"predecessor-version":[{"id":1294,"href":"https:\/\/www.mdsprojekt.cz\/index.php\/wp-json\/wp\/v2\/pages\/49\/revisions\/1294"}],"wp:attachment":[{"href":"https:\/\/www.mdsprojekt.cz\/index.php\/wp-json\/wp\/v2\/media?parent=49"}],"curies":[{"name":"wp","href":"https:\/\/api.w.org\/{rel}","templated":true}]}}